{"id":76,"date":"2022-05-31T17:11:24","date_gmt":"2022-05-31T22:11:24","guid":{"rendered":"https:\/\/tmsolutions.com.co:8000\/?page_id=76"},"modified":"2025-12-22T15:44:59","modified_gmt":"2025-12-22T20:44:59","slug":"planes","status":"publish","type":"page","link":"https:\/\/tmsolutions.com.co\/?page_id=76","title":{"rendered":"Planes"},"content":{"rendered":"\t\t<div data-elementor-type=\"wp-post\" data-elementor-id=\"76\" class=\"elementor elementor-76\" data-elementor-post-type=\"page\">\n\t\t\t\t\t\t<section class=\"elementor-section elementor-top-section elementor-element elementor-element-36dbb51 elementor-section-height-full elementor-section-boxed elementor-section-height-default elementor-section-items-middle\" data-id=\"36dbb51\" data-element_type=\"section\" data-e-type=\"section\" data-settings=\"{&quot;background_background&quot;:&quot;classic&quot;}\">\n\t\t\t\t\t\t<div class=\"elementor-container elementor-column-gap-default\">\n\t\t\t\t\t<div class=\"elementor-column elementor-col-50 elementor-top-column elementor-element elementor-element-0a4ba28\" data-id=\"0a4ba28\" data-element_type=\"column\" data-e-type=\"column\">\n\t\t\t<div class=\"elementor-widget-wrap elementor-element-populated\">\n\t\t\t\t\t\t<div class=\"elementor-element elementor-element-72ad819 elementor-cta--skin-cover elementor-widget elementor-widget-call-to-action\" data-id=\"72ad819\" data-element_type=\"widget\" data-e-type=\"widget\" data-widget_type=\"call-to-action.default\">\n\t\t\t\t<div class=\"elementor-widget-container\">\n\t\t\t\t\t\t\t<div class=\"elementor-cta\">\n\t\t\t\t\t<div class=\"elementor-cta__bg-wrapper\">\n\t\t\t\t<div class=\"elementor-cta__bg elementor-bg\" style=\"background-image: url();\" role=\"img\" aria-label=\"LogoTMAcostadoAzul\"><\/div>\n\t\t\t\t<div class=\"elementor-cta__bg-overlay\"><\/div>\n\t\t\t<\/div>\n\t\t\t\t\t\t\t<div class=\"elementor-cta__content\">\n\t\t\t\t\n\t\t\t\t\t\t\t\t\t<h2 class=\"elementor-cta__title elementor-cta__content-item elementor-content-item\">\n\t\t\t\t\t\tTMS\t\t\t\t\t<\/h2>\n\t\t\t\t\n\t\t\t\t\t\t\t\t\t<div class=\"elementor-cta__description elementor-cta__content-item elementor-content-item\">\n\t\t\t\t\t\tCon nuestro sistema web TM Land, podr\u00e1s optimizar todos sus recursos f\u00edsicos y financieros, reduciendo, controlando los costos y toda la log\u00edstica desde una sola aplicaci\u00f3n. Revisa los planes de cada m\u00f3dulo y valida cu\u00e1l es el que mejor se adapta a tu negocio.\t\t\t\t\t<\/div>\n\t\t\t\t\n\t\t\t\t\t\t\t\t\t<div class=\"elementor-cta__button-wrapper elementor-cta__content-item elementor-content-item \">\n\t\t\t\t\t<a class=\"elementor-cta__button elementor-button elementor-size-\" href=\"https:\/\/tmsolutions.com.co\/?page_id=5041\">\n\t\t\t\t\t\tVer planes\t\t\t\t\t<\/a>\n\t\t\t\t\t<\/div>\n\t\t\t\t\t\t\t<\/div>\n\t\t\t\t\t\t\t<div class=\"elementor-ribbon\">\n\t\t\t\t<div class=\"elementor-ribbon-inner\">\n\t\t\t\t\tTM Land\t\t\t\t<\/div>\n\t\t\t<\/div>\n\t\t\t\t<\/div>\n\t\t\t\t\t\t<\/div>\n\t\t\t\t<\/div>\n\t\t\t\t\t<\/div>\n\t\t<\/div>\n\t\t\t\t<div class=\"elementor-column elementor-col-50 elementor-top-column elementor-element elementor-element-f4b0e8c\" data-id=\"f4b0e8c\" data-element_type=\"column\" data-e-type=\"column\">\n\t\t\t<div class=\"elementor-widget-wrap elementor-element-populated\">\n\t\t\t\t\t\t<div class=\"elementor-element elementor-element-f70305a elementor-cta--skin-cover elementor-widget elementor-widget-call-to-action\" data-id=\"f70305a\" data-element_type=\"widget\" data-e-type=\"widget\" data-widget_type=\"call-to-action.default\">\n\t\t\t\t<div class=\"elementor-widget-container\">\n\t\t\t\t\t\t\t<div class=\"elementor-cta\">\n\t\t\t\t\t<div class=\"elementor-cta__bg-wrapper\">\n\t\t\t\t<div class=\"elementor-cta__bg elementor-bg\" style=\"background-image: url();\" role=\"img\" aria-label=\"LogoTMAcostadoAzul\"><\/div>\n\t\t\t\t<div class=\"elementor-cta__bg-overlay\"><\/div>\n\t\t\t<\/div>\n\t\t\t\t\t\t\t<div class=\"elementor-cta__content\">\n\t\t\t\t\n\t\t\t\t\t\t\t\t\t<h2 class=\"elementor-cta__title elementor-cta__content-item elementor-content-item\">\n\t\t\t\t\t\tRastreo satelital\t\t\t\t\t<\/h2>\n\t\t\t\t\n\t\t\t\t\t\t\t\t\t<div class=\"elementor-cta__description elementor-cta__content-item elementor-content-item\">\n\t\t\t\t\t\tTM Tracker, es un sistema de rastreo satelital que se puede integrar con cualquiera de nuestras soluciones lo que lo convierte en la b\u00fasqueda de la automatizaci\u00f3n y sistematizaci\u00f3n de cada activo. Escoge el plan que mejor se adapta a tus necesidades.\t\t\t\t\t<\/div>\n\t\t\t\t\n\t\t\t\t\t\t\t\t\t<div class=\"elementor-cta__button-wrapper elementor-cta__content-item elementor-content-item \">\n\t\t\t\t\t<a class=\"elementor-cta__button elementor-button elementor-size-\" href=\"https:\/\/tmsolutions.com.co\/?page_id=706\">\n\t\t\t\t\t\tVer planes\t\t\t\t\t<\/a>\n\t\t\t\t\t<\/div>\n\t\t\t\t\t\t\t<\/div>\n\t\t\t\t\t\t\t<div class=\"elementor-ribbon\">\n\t\t\t\t<div class=\"elementor-ribbon-inner\">\n\t\t\t\t\tTM Tracker\t\t\t\t<\/div>\n\t\t\t<\/div>\n\t\t\t\t<\/div>\n\t\t\t\t\t\t<\/div>\n\t\t\t\t<\/div>\n\t\t\t\t\t<\/div>\n\t\t<\/div>\n\t\t\t\t\t<\/div>\n\t\t<\/section>\n\t\t\t\t<\/div>\n\t\t","protected":false},"excerpt":{"rendered":"<p>TMS Con nuestro sistema web TM Land, podr\u00e1s optimizar todos sus recursos f\u00edsicos y financieros, reduciendo, controlando los costos y toda la log\u00edstica desde una sola aplicaci\u00f3n. Revisa los planes de cada m\u00f3dulo y valida cu\u00e1l es el que mejor se adapta a tu negocio. Ver planes TM Land Rastreo satelital TM Tracker, es un [&hellip;]<\/p>\n","protected":false},"author":1,"featured_media":0,"parent":0,"menu_order":0,"comment_status":"closed","ping_status":"closed","template":"elementor_header_footer","meta":{"footnotes":""},"class_list":["post-76","page","type-page","status-publish","hentry"],"yoast_head":"<!-- This site is optimized with the Yoast SEO plugin v27.4 - https:\/\/yoast.com\/product\/yoast-seo-wordpress\/ -->\n<title>Planes - TM Solutions SAS<\/title>\n<meta name=\"robots\" content=\"index, follow, max-snippet:-1, max-image-preview:large, max-video-preview:-1\" \/>\n<link rel=\"canonical\" href=\"https:\/\/tmsolutions.com.co\/?page_id=76\" \/>\n<meta property=\"og:locale\" content=\"es_ES\" \/>\n<meta property=\"og:type\" content=\"article\" \/>\n<meta property=\"og:title\" content=\"Planes - TM Solutions SAS\" \/>\n<meta property=\"og:description\" content=\"TMS Con nuestro sistema web TM Land, podr\u00e1s optimizar todos sus recursos f\u00edsicos y financieros, reduciendo, controlando los costos y toda la log\u00edstica desde una sola aplicaci\u00f3n. Revisa los planes de cada m\u00f3dulo y valida cu\u00e1l es el que mejor se adapta a tu negocio. Ver planes TM Land Rastreo satelital TM Tracker, es un [&hellip;]\" \/>\n<meta property=\"og:url\" content=\"https:\/\/tmsolutions.com.co\/?page_id=76\" \/>\n<meta property=\"og:site_name\" content=\"TM Solutions SAS\" \/>\n<meta property=\"article:modified_time\" content=\"2025-12-22T20:44:59+00:00\" \/>\n<meta name=\"twitter:card\" content=\"summary_large_image\" \/>\n<meta name=\"twitter:label1\" content=\"Tiempo de lectura\" \/>\n\t<meta name=\"twitter:data1\" content=\"1 minuto\" \/>\n<script type=\"application\/ld+json\" class=\"yoast-schema-graph\">{\"@context\":\"https:\\\/\\\/schema.org\",\"@graph\":[{\"@type\":\"WebPage\",\"@id\":\"https:\\\/\\\/tmsolutions.com.co\\\/?page_id=76\",\"url\":\"https:\\\/\\\/tmsolutions.com.co\\\/?page_id=76\",\"name\":\"Planes - TM Solutions SAS\",\"isPartOf\":{\"@id\":\"https:\\\/\\\/tmsolutions.com.co\\\/#website\"},\"datePublished\":\"2022-05-31T22:11:24+00:00\",\"dateModified\":\"2025-12-22T20:44:59+00:00\",\"breadcrumb\":{\"@id\":\"https:\\\/\\\/tmsolutions.com.co\\\/?page_id=76#breadcrumb\"},\"inLanguage\":\"es-CO\",\"potentialAction\":[{\"@type\":\"ReadAction\",\"target\":[\"https:\\\/\\\/tmsolutions.com.co\\\/?page_id=76\"]}]},{\"@type\":\"BreadcrumbList\",\"@id\":\"https:\\\/\\\/tmsolutions.com.co\\\/?page_id=76#breadcrumb\",\"itemListElement\":[{\"@type\":\"ListItem\",\"position\":1,\"name\":\"Inicio\",\"item\":\"https:\\\/\\\/tmsolutions.com.co\\\/\"},{\"@type\":\"ListItem\",\"position\":2,\"name\":\"Planes\"}]},{\"@type\":\"WebSite\",\"@id\":\"https:\\\/\\\/tmsolutions.com.co\\\/#website\",\"url\":\"https:\\\/\\\/tmsolutions.com.co\\\/\",\"name\":\"TM Solutions SAS\",\"description\":\"La mejor soluci\u00f3n para administraci\u00f3n de flotas de transporte\",\"publisher\":{\"@id\":\"https:\\\/\\\/tmsolutions.com.co\\\/#organization\"},\"potentialAction\":[{\"@type\":\"SearchAction\",\"target\":{\"@type\":\"EntryPoint\",\"urlTemplate\":\"https:\\\/\\\/tmsolutions.com.co\\\/?s={search_term_string}\"},\"query-input\":{\"@type\":\"PropertyValueSpecification\",\"valueRequired\":true,\"valueName\":\"search_term_string\"}}],\"inLanguage\":\"es-CO\"},{\"@type\":\"Organization\",\"@id\":\"https:\\\/\\\/tmsolutions.com.co\\\/#organization\",\"name\":\"TM Solutions SAS\",\"url\":\"https:\\\/\\\/tmsolutions.com.co\\\/\",\"logo\":{\"@type\":\"ImageObject\",\"inLanguage\":\"es-CO\",\"@id\":\"https:\\\/\\\/tmsolutions.com.co\\\/#\\\/schema\\\/logo\\\/image\\\/\",\"url\":\"https:\\\/\\\/tmsolutions.com.co\\\/wp-content\\\/uploads\\\/2022\\\/05\\\/Logo-TM-Acostado-Azul.png\",\"contentUrl\":\"https:\\\/\\\/tmsolutions.com.co\\\/wp-content\\\/uploads\\\/2022\\\/05\\\/Logo-TM-Acostado-Azul.png\",\"width\":320,\"height\":132,\"caption\":\"TM Solutions SAS\"},\"image\":{\"@id\":\"https:\\\/\\\/tmsolutions.com.co\\\/#\\\/schema\\\/logo\\\/image\\\/\"}}]}<\/script>\n<!-- \/ Yoast SEO plugin. -->","yoast_head_json":{"title":"Planes - TM Solutions SAS","robots":{"index":"index","follow":"follow","max-snippet":"max-snippet:-1","max-image-preview":"max-image-preview:large","max-video-preview":"max-video-preview:-1"},"canonical":"https:\/\/tmsolutions.com.co\/?page_id=76","og_locale":"es_ES","og_type":"article","og_title":"Planes - TM Solutions SAS","og_description":"TMS Con nuestro sistema web TM Land, podr\u00e1s optimizar todos sus recursos f\u00edsicos y financieros, reduciendo, controlando los costos y toda la log\u00edstica desde una sola aplicaci\u00f3n. Revisa los planes de cada m\u00f3dulo y valida cu\u00e1l es el que mejor se adapta a tu negocio. Ver planes TM Land Rastreo satelital TM Tracker, es un [&hellip;]","og_url":"https:\/\/tmsolutions.com.co\/?page_id=76","og_site_name":"TM Solutions SAS","article_modified_time":"2025-12-22T20:44:59+00:00","twitter_card":"summary_large_image","twitter_misc":{"Tiempo de lectura":"1 minuto"},"schema":{"@context":"https:\/\/schema.org","@graph":[{"@type":"WebPage","@id":"https:\/\/tmsolutions.com.co\/?page_id=76","url":"https:\/\/tmsolutions.com.co\/?page_id=76","name":"Planes - TM Solutions SAS","isPartOf":{"@id":"https:\/\/tmsolutions.com.co\/#website"},"datePublished":"2022-05-31T22:11:24+00:00","dateModified":"2025-12-22T20:44:59+00:00","breadcrumb":{"@id":"https:\/\/tmsolutions.com.co\/?page_id=76#breadcrumb"},"inLanguage":"es-CO","potentialAction":[{"@type":"ReadAction","target":["https:\/\/tmsolutions.com.co\/?page_id=76"]}]},{"@type":"BreadcrumbList","@id":"https:\/\/tmsolutions.com.co\/?page_id=76#breadcrumb","itemListElement":[{"@type":"ListItem","position":1,"name":"Inicio","item":"https:\/\/tmsolutions.com.co\/"},{"@type":"ListItem","position":2,"name":"Planes"}]},{"@type":"WebSite","@id":"https:\/\/tmsolutions.com.co\/#website","url":"https:\/\/tmsolutions.com.co\/","name":"TM Solutions SAS","description":"La mejor soluci\u00f3n para administraci\u00f3n de flotas de transporte","publisher":{"@id":"https:\/\/tmsolutions.com.co\/#organization"},"potentialAction":[{"@type":"SearchAction","target":{"@type":"EntryPoint","urlTemplate":"https:\/\/tmsolutions.com.co\/?s={search_term_string}"},"query-input":{"@type":"PropertyValueSpecification","valueRequired":true,"valueName":"search_term_string"}}],"inLanguage":"es-CO"},{"@type":"Organization","@id":"https:\/\/tmsolutions.com.co\/#organization","name":"TM Solutions SAS","url":"https:\/\/tmsolutions.com.co\/","logo":{"@type":"ImageObject","inLanguage":"es-CO","@id":"https:\/\/tmsolutions.com.co\/#\/schema\/logo\/image\/","url":"https:\/\/tmsolutions.com.co\/wp-content\/uploads\/2022\/05\/Logo-TM-Acostado-Azul.png","contentUrl":"https:\/\/tmsolutions.com.co\/wp-content\/uploads\/2022\/05\/Logo-TM-Acostado-Azul.png","width":320,"height":132,"caption":"TM Solutions SAS"},"image":{"@id":"https:\/\/tmsolutions.com.co\/#\/schema\/logo\/image\/"}}]}},"_links":{"self":[{"href":"https:\/\/tmsolutions.com.co\/index.php?rest_route=\/wp\/v2\/pages\/76","targetHints":{"allow":["GET"]}}],"collection":[{"href":"https:\/\/tmsolutions.com.co\/index.php?rest_route=\/wp\/v2\/pages"}],"about":[{"href":"https:\/\/tmsolutions.com.co\/index.php?rest_route=\/wp\/v2\/types\/page"}],"author":[{"embeddable":true,"href":"https:\/\/tmsolutions.com.co\/index.php?rest_route=\/wp\/v2\/users\/1"}],"replies":[{"embeddable":true,"href":"https:\/\/tmsolutions.com.co\/index.php?rest_route=%2Fwp%2Fv2%2Fcomments&post=76"}],"version-history":[{"count":179,"href":"https:\/\/tmsolutions.com.co\/index.php?rest_route=\/wp\/v2\/pages\/76\/revisions"}],"predecessor-version":[{"id":5238,"href":"https:\/\/tmsolutions.com.co\/index.php?rest_route=\/wp\/v2\/pages\/76\/revisions\/5238"}],"wp:attachment":[{"href":"https:\/\/tmsolutions.com.co\/index.php?rest_route=%2Fwp%2Fv2%2Fmedia&parent=76"}],"curies":[{"name":"wp","href":"https:\/\/api.w.org\/{rel}","templated":true}]}}