{"id":4295,"date":"2024-05-31T16:53:07","date_gmt":"2024-05-31T21:53:07","guid":{"rendered":"https:\/\/tmsolutions.com.co\/?page_id=4295"},"modified":"2025-04-23T15:48:06","modified_gmt":"2025-04-23T20:48:06","slug":"politica-de-privacidad-y-seguridad-de-la-informacion-app-tm-tracker-client","status":"publish","type":"page","link":"https:\/\/tmsolutions.com.co\/?page_id=4295","title":{"rendered":"Pol\u00edtica de privacidad y seguridad de la informaci\u00f3n App TM Tracker Client"},"content":{"rendered":"<h2>Declaraci\u00f3n de Privacidad<\/h2>\n<p>La presente pol\u00edtica hace parte integral de los t\u00e9rminos y condiciones de uso de TM Tracker Client. El uso de la App est\u00e1 sujeta a sus t\u00e9rminos de uso, los derechos de autor y a esta pol\u00edtica de privacidad, e implica su consentimiento al respeto. Para hacer uso de nuestros servicios debe ser mayor de 18 a\u00f1os o contar con autorizaci\u00f3n de un adulto responsable. Puede hacer uso de la aplicaci\u00f3n sin suministrar ninguna informaci\u00f3n de car\u00e1cter personal. No obstante, en determinadas circunstancias, su ubicaci\u00f3n e informaci\u00f3n de ruta u otros datos que TM tracker client puede vincular razonablemente a dicha informaci\u00f3n, adem\u00e1s, se podr\u00eda solicitar informaci\u00f3n de la empresa para crear su cuenta e iniciar el proceso.<\/p>\n<h2>Recopilaci\u00f3n de la informaci\u00f3n personal<\/h2>\n<p><span>Para recoger continuamente los datos de localizaci\u00f3n, el usuario puede activar en TM Tracker Client el permiso \u201cPermitir todo el tiempo\u201d, este permiso se usa para recoger la ubicaci\u00f3n con la app en segundo plano, con el fin de hacer seguimiento a los viajes de entregas y solicitudes de recogida.<\/span><\/p>\n<p>TM Tracker Client recopilar\u00e1 y utilizar\u00e1 su informaci\u00f3n incluidos metadatos, de acuerdo con esta pol\u00edtica de privacidad, y a trav\u00e9s de un c\u00f3digo de autenticaci\u00f3n que se proporciona mediante la aplicaci\u00f3n de TM LAND en la cual se utiliza para esto informaci\u00f3n personal: Informaci\u00f3n que lo identifica de manera personal y que permite a TM SOLUTIONS S.A.S contactarlo. Se considera informaci\u00f3n personal; el nombre de la empresa, los nombres y apellidos del personal del contacto, al e-mail, la direcci\u00f3n y el n\u00famero telef\u00f3nico.<\/p>\n<p>Cuando TM Tracker Client, solicite el c\u00f3digo de autenticaci\u00f3n, TM LAND puede establecer y requerir de vez en cuando medios adicionales o diferentes de identificaci\u00f3n y autenticaci\u00f3n para iniciar sesi\u00f3n y acceder a los servicios o para acceder a ciertas funciones o secciones designadas de los servicios. Al hacer uso de la aplicaci\u00f3n TM Tracker Client, se recopila las direcciones del Protocolo de Internet IP, Una direcci\u00f3n IP es un n\u00famero asignado autom\u00e1ticamente a un ordenador o celular cuando \u00e9sta se conecta a Internet, para realizar seguimiento de la informaci\u00f3n.<\/p>\n<h2>Visibilidad de su informaci\u00f3n personal<\/h2>\n<p>Su informaci\u00f3n personal solo ser\u00e1 visible para TM Tracker Client, se vincular\u00e1 toda su informaci\u00f3n con su cuenta registrada de TM LAND. Esto incluye la informaci\u00f3n recibida de todos los dispositivos y navegadores que haya elegido para compartir su ubicaci\u00f3n.<\/p>\n<h2>Control de los usuarios sobre sus datos<\/h2>\n<p>Esta declaraci\u00f3n de privacidad detalla la recopilaci\u00f3n de datos y su uso. Puede ajustar su configuraci\u00f3n de privacidad en la aplicaci\u00f3n TM Tracker Client y elegir <span>desactivar seguimiento de ubicaci\u00f3n en cualquier momento.<\/span><\/p>\n<h2>Uso de la informaci\u00f3n personal<\/h2>\n<p>TM Tracker Client puede hacer uso de la informaci\u00f3n personal en los siguientes casos:<\/p>\n<ol>\n<li>Mantener contacto con el cliente con informaci\u00f3n pertinente al uso y funcionamiento del aplicativo, as\u00ed como para informar de nuevas actualizaciones, mejoras, y novedades.<\/li>\n<li>Verificar que el aplicativo cumple con sus requerimientos y necesidades.<\/li>\n<li>Confirmaci\u00f3n y respuestas a solicitudes o requerimientos realizadas por el cliente.<\/li>\n<li>Realizar informes estad\u00edsticos.<\/li>\n<li>Realizar seguimiento a los veh\u00edculos y empleados repartidores de carga, mientras est\u00e1n realizando los diferentes viajes, entrega y recogida de mercanc\u00eda.<\/li>\n<\/ol>\n<h2>Informaci\u00f3n que recopilamos cuando usted utiliza nuestros servicios<\/h2>\n<ol>\n<li>Informaci\u00f3n detallada de ubicaci\u00f3n, viaje y ruta. La informaci\u00f3n de ubicaci\u00f3n y ruta se recopila, por ejemplo, en forma de se\u00f1ales de GPS (combinadas con una marca de tiempo), y otros datos que env\u00eda tu dispositivo m\u00f3vil en el que se instala y activa TM Tracker Client.<\/li>\n<li>Se registra tiempos de rutas y\/o viajes.<\/li>\n<li>Interacci\u00f3n de sus dispositivos con nuestros servicios, incluidos informes de fallos, actividad del sistema y la fecha, hora y URL de referencia de su solicitud.<\/li>\n<\/ol>\n<h2>Cu\u00e1ndo TM Tracker Client comparte su informaci\u00f3n<em>\u00a0<\/em><\/h2>\n<p>Bajo ninguna circunstancia TM Tracker Client, vender\u00e1 o entregar\u00e1 la informaci\u00f3n personal a ninguna otra persona o empresa, salvo a aquellas entidades estatales previstas por la Ley Colombiana.<\/p>\n<p>Se compartir\u00e1 su informaci\u00f3n cuando:<\/p>\n<ol>\n<li><span><em> <\/em><\/span><span>Sea necesaria para la facilitaci\u00f3n y operaci\u00f3n de los servicios.<\/span><\/li>\n<li><span><em> <\/em><\/span><span>Investigaci\u00f3n de un posible incumplimiento de los t\u00e9rminos y condiciones de uso.<\/span><\/li>\n<li><span><em> <\/em><\/span><span>En cualquier caso, de disputa legal entre las partes.<\/span><\/li>\n<li><span><em> <\/em><\/span><span>Detectar, evitar o tratar de cualquier otra forma problemas t\u00e9cnicos, de seguridad o de fraude.<\/span><\/li>\n<li><em> <\/em><span>Recopilar, almacenar, conservar y gestionar su informaci\u00f3n personal a trav\u00e9s de servicios basados en la nube o de alojamiento de un tercero.<\/span><\/li>\n<\/ol>\n<h2>Uso de Cookies<\/h2>\n<p>Mediante el uso de las cookies resulta posible que el servidor donde se encuentra la web, reconozca el navegador web utilizado por el consumidor de nube con la finalidad de que la navegaci\u00f3n sea m\u00e1s sencilla, permitiendo, por ejemplo, el acceso a aquellos que se hayan registrado previamente, acceder a las \u00e1reas, servicios, promociones o concursos reservados exclusivamente a ellos sin tener que registrarse en cada visita. Se utilizan tambi\u00e9n para medir la audiencia y par\u00e1metros del tr\u00e1fico, controlar el progreso y n\u00famero de entradas.<\/p>\n<h2>Seguridad de la Informaci\u00f3n<\/h2>\n<p>TM Tracker Client utiliza t\u00e9cnicas de seguridad de la informaci\u00f3n generalmente aceptadas en la industria, tales como firewalls, procedimientos de control de acceso y mecanismos criptogr\u00e1ficos, todo ello con el objeto de evitar el acceso no autorizado a los datos. Para lograr estos fines, el cliente acepta que el prestador obtenga datos para efectos de la correspondiente autenticaci\u00f3n de los controles de acceso.<\/p>\n<p>Usted es plenamente responsable de cualquier uso o uso indebido de TM Tracker Client y de sus datos personales.<\/p>\n<h2>Cambios en esta declaraci\u00f3n<\/h2>\n<p>TM Tracker Client puede actualizar la presente declaraci\u00f3n de privacidad sin previo aviso y de manera ocasional. En tal caso se cambiar\u00e1 la fecha de &#8220;\u00faltima actualizaci\u00f3n&#8221;. Si se producen cambios importantes en esta declaraci\u00f3n, TM Tracker Client lo comunicar\u00e1 al usuario.<\/p>\n<h2>Contacto<\/h2>\n<p>Cualquier consulta relativa a la presente Declaraci\u00f3n de Privacidad o a las pr\u00e1cticas de manejo de la informaci\u00f3n por TM Tracker Client + debe dirigir directamente a <a href=\"mailto:juridica@tmsolutions.com.co\"><span>juridica@tmsolutions.com.co<\/span><\/a><\/p>\n","protected":false},"excerpt":{"rendered":"<p>Declaraci\u00f3n de Privacidad La presente pol\u00edtica hace parte integral de los t\u00e9rminos y condiciones de uso de TM Tracker Client. El uso de la App est\u00e1 sujeta a sus t\u00e9rminos de uso, los derechos de autor y a esta pol\u00edtica de privacidad, e implica su consentimiento al respeto. Para hacer uso de nuestros servicios debe [&hellip;]<\/p>\n","protected":false},"author":1,"featured_media":0,"parent":0,"menu_order":0,"comment_status":"closed","ping_status":"closed","template":"","meta":{"footnotes":""},"class_list":["post-4295","page","type-page","status-publish","hentry"],"yoast_head":"<!-- This site is optimized with the Yoast SEO plugin v27.5 - https:\/\/yoast.com\/product\/yoast-seo-wordpress\/ -->\n<title>Pol\u00edtica de privacidad y seguridad de la informaci\u00f3n App TM Tracker Client - TM Solutions SAS<\/title>\n<meta name=\"robots\" content=\"index, follow, max-snippet:-1, max-image-preview:large, max-video-preview:-1\" \/>\n<link rel=\"canonical\" href=\"https:\/\/tmsolutions.com.co\/?page_id=4295\" \/>\n<meta property=\"og:locale\" content=\"es_ES\" \/>\n<meta property=\"og:type\" content=\"article\" \/>\n<meta property=\"og:title\" content=\"Pol\u00edtica de privacidad y seguridad de la informaci\u00f3n App TM Tracker Client - TM Solutions SAS\" \/>\n<meta property=\"og:description\" content=\"Declaraci\u00f3n de Privacidad La presente pol\u00edtica hace parte integral de los t\u00e9rminos y condiciones de uso de TM Tracker Client. El uso de la App est\u00e1 sujeta a sus t\u00e9rminos de uso, los derechos de autor y a esta pol\u00edtica de privacidad, e implica su consentimiento al respeto. Para hacer uso de nuestros servicios debe [&hellip;]\" \/>\n<meta property=\"og:url\" content=\"https:\/\/tmsolutions.com.co\/?page_id=4295\" \/>\n<meta property=\"og:site_name\" content=\"TM Solutions SAS\" \/>\n<meta property=\"article:modified_time\" content=\"2025-04-23T20:48:06+00:00\" \/>\n<meta name=\"twitter:card\" content=\"summary_large_image\" \/>\n<meta name=\"twitter:label1\" content=\"Tiempo de lectura\" \/>\n\t<meta name=\"twitter:data1\" content=\"5 minutos\" \/>\n<script type=\"application\/ld+json\" class=\"yoast-schema-graph\">{\"@context\":\"https:\\\/\\\/schema.org\",\"@graph\":[{\"@type\":\"WebPage\",\"@id\":\"https:\\\/\\\/tmsolutions.com.co\\\/?page_id=4295\",\"url\":\"https:\\\/\\\/tmsolutions.com.co\\\/?page_id=4295\",\"name\":\"Pol\u00edtica de privacidad y seguridad de la informaci\u00f3n App TM Tracker Client - TM Solutions SAS\",\"isPartOf\":{\"@id\":\"https:\\\/\\\/tmsolutions.com.co\\\/#website\"},\"datePublished\":\"2024-05-31T21:53:07+00:00\",\"dateModified\":\"2025-04-23T20:48:06+00:00\",\"breadcrumb\":{\"@id\":\"https:\\\/\\\/tmsolutions.com.co\\\/?page_id=4295#breadcrumb\"},\"inLanguage\":\"es-CO\",\"potentialAction\":[{\"@type\":\"ReadAction\",\"target\":[\"https:\\\/\\\/tmsolutions.com.co\\\/?page_id=4295\"]}]},{\"@type\":\"BreadcrumbList\",\"@id\":\"https:\\\/\\\/tmsolutions.com.co\\\/?page_id=4295#breadcrumb\",\"itemListElement\":[{\"@type\":\"ListItem\",\"position\":1,\"name\":\"Inicio\",\"item\":\"https:\\\/\\\/tmsolutions.com.co\\\/\"},{\"@type\":\"ListItem\",\"position\":2,\"name\":\"Pol\u00edtica de privacidad y seguridad de la informaci\u00f3n App TM Tracker Client\"}]},{\"@type\":\"WebSite\",\"@id\":\"https:\\\/\\\/tmsolutions.com.co\\\/#website\",\"url\":\"https:\\\/\\\/tmsolutions.com.co\\\/\",\"name\":\"TM Solutions SAS\",\"description\":\"La mejor soluci\u00f3n para administraci\u00f3n de flotas de transporte\",\"publisher\":{\"@id\":\"https:\\\/\\\/tmsolutions.com.co\\\/#organization\"},\"potentialAction\":[{\"@type\":\"SearchAction\",\"target\":{\"@type\":\"EntryPoint\",\"urlTemplate\":\"https:\\\/\\\/tmsolutions.com.co\\\/?s={search_term_string}\"},\"query-input\":{\"@type\":\"PropertyValueSpecification\",\"valueRequired\":true,\"valueName\":\"search_term_string\"}}],\"inLanguage\":\"es-CO\"},{\"@type\":\"Organization\",\"@id\":\"https:\\\/\\\/tmsolutions.com.co\\\/#organization\",\"name\":\"TM Solutions SAS\",\"url\":\"https:\\\/\\\/tmsolutions.com.co\\\/\",\"logo\":{\"@type\":\"ImageObject\",\"inLanguage\":\"es-CO\",\"@id\":\"https:\\\/\\\/tmsolutions.com.co\\\/#\\\/schema\\\/logo\\\/image\\\/\",\"url\":\"https:\\\/\\\/tmsolutions.com.co\\\/wp-content\\\/uploads\\\/2022\\\/05\\\/Logo-TM-Acostado-Azul.png\",\"contentUrl\":\"https:\\\/\\\/tmsolutions.com.co\\\/wp-content\\\/uploads\\\/2022\\\/05\\\/Logo-TM-Acostado-Azul.png\",\"width\":320,\"height\":132,\"caption\":\"TM Solutions SAS\"},\"image\":{\"@id\":\"https:\\\/\\\/tmsolutions.com.co\\\/#\\\/schema\\\/logo\\\/image\\\/\"}}]}<\/script>\n<!-- \/ Yoast SEO plugin. -->","yoast_head_json":{"title":"Pol\u00edtica de privacidad y seguridad de la informaci\u00f3n App TM Tracker Client - TM Solutions SAS","robots":{"index":"index","follow":"follow","max-snippet":"max-snippet:-1","max-image-preview":"max-image-preview:large","max-video-preview":"max-video-preview:-1"},"canonical":"https:\/\/tmsolutions.com.co\/?page_id=4295","og_locale":"es_ES","og_type":"article","og_title":"Pol\u00edtica de privacidad y seguridad de la informaci\u00f3n App TM Tracker Client - TM Solutions SAS","og_description":"Declaraci\u00f3n de Privacidad La presente pol\u00edtica hace parte integral de los t\u00e9rminos y condiciones de uso de TM Tracker Client. El uso de la App est\u00e1 sujeta a sus t\u00e9rminos de uso, los derechos de autor y a esta pol\u00edtica de privacidad, e implica su consentimiento al respeto. Para hacer uso de nuestros servicios debe [&hellip;]","og_url":"https:\/\/tmsolutions.com.co\/?page_id=4295","og_site_name":"TM Solutions SAS","article_modified_time":"2025-04-23T20:48:06+00:00","twitter_card":"summary_large_image","twitter_misc":{"Tiempo de lectura":"5 minutos"},"schema":{"@context":"https:\/\/schema.org","@graph":[{"@type":"WebPage","@id":"https:\/\/tmsolutions.com.co\/?page_id=4295","url":"https:\/\/tmsolutions.com.co\/?page_id=4295","name":"Pol\u00edtica de privacidad y seguridad de la informaci\u00f3n App TM Tracker Client - TM Solutions SAS","isPartOf":{"@id":"https:\/\/tmsolutions.com.co\/#website"},"datePublished":"2024-05-31T21:53:07+00:00","dateModified":"2025-04-23T20:48:06+00:00","breadcrumb":{"@id":"https:\/\/tmsolutions.com.co\/?page_id=4295#breadcrumb"},"inLanguage":"es-CO","potentialAction":[{"@type":"ReadAction","target":["https:\/\/tmsolutions.com.co\/?page_id=4295"]}]},{"@type":"BreadcrumbList","@id":"https:\/\/tmsolutions.com.co\/?page_id=4295#breadcrumb","itemListElement":[{"@type":"ListItem","position":1,"name":"Inicio","item":"https:\/\/tmsolutions.com.co\/"},{"@type":"ListItem","position":2,"name":"Pol\u00edtica de privacidad y seguridad de la informaci\u00f3n App TM Tracker Client"}]},{"@type":"WebSite","@id":"https:\/\/tmsolutions.com.co\/#website","url":"https:\/\/tmsolutions.com.co\/","name":"TM Solutions SAS","description":"La mejor soluci\u00f3n para administraci\u00f3n de flotas de transporte","publisher":{"@id":"https:\/\/tmsolutions.com.co\/#organization"},"potentialAction":[{"@type":"SearchAction","target":{"@type":"EntryPoint","urlTemplate":"https:\/\/tmsolutions.com.co\/?s={search_term_string}"},"query-input":{"@type":"PropertyValueSpecification","valueRequired":true,"valueName":"search_term_string"}}],"inLanguage":"es-CO"},{"@type":"Organization","@id":"https:\/\/tmsolutions.com.co\/#organization","name":"TM Solutions SAS","url":"https:\/\/tmsolutions.com.co\/","logo":{"@type":"ImageObject","inLanguage":"es-CO","@id":"https:\/\/tmsolutions.com.co\/#\/schema\/logo\/image\/","url":"https:\/\/tmsolutions.com.co\/wp-content\/uploads\/2022\/05\/Logo-TM-Acostado-Azul.png","contentUrl":"https:\/\/tmsolutions.com.co\/wp-content\/uploads\/2022\/05\/Logo-TM-Acostado-Azul.png","width":320,"height":132,"caption":"TM Solutions SAS"},"image":{"@id":"https:\/\/tmsolutions.com.co\/#\/schema\/logo\/image\/"}}]}},"_links":{"self":[{"href":"https:\/\/tmsolutions.com.co\/index.php?rest_route=\/wp\/v2\/pages\/4295","targetHints":{"allow":["GET"]}}],"collection":[{"href":"https:\/\/tmsolutions.com.co\/index.php?rest_route=\/wp\/v2\/pages"}],"about":[{"href":"https:\/\/tmsolutions.com.co\/index.php?rest_route=\/wp\/v2\/types\/page"}],"author":[{"embeddable":true,"href":"https:\/\/tmsolutions.com.co\/index.php?rest_route=\/wp\/v2\/users\/1"}],"replies":[{"embeddable":true,"href":"https:\/\/tmsolutions.com.co\/index.php?rest_route=%2Fwp%2Fv2%2Fcomments&post=4295"}],"version-history":[{"count":2,"href":"https:\/\/tmsolutions.com.co\/index.php?rest_route=\/wp\/v2\/pages\/4295\/revisions"}],"predecessor-version":[{"id":4301,"href":"https:\/\/tmsolutions.com.co\/index.php?rest_route=\/wp\/v2\/pages\/4295\/revisions\/4301"}],"wp:attachment":[{"href":"https:\/\/tmsolutions.com.co\/index.php?rest_route=%2Fwp%2Fv2%2Fmedia&parent=4295"}],"curies":[{"name":"wp","href":"https:\/\/api.w.org\/{rel}","templated":true}]}}