{"id":4186,"date":"2024-04-08T12:21:12","date_gmt":"2024-04-08T17:21:12","guid":{"rendered":"https:\/\/tmsolutions.com.co\/?page_id=4186"},"modified":"2024-12-20T11:35:45","modified_gmt":"2024-12-20T16:35:45","slug":"web-services-viajes-intermunicipal","status":"publish","type":"page","link":"https:\/\/tmsolutions.com.co\/?page_id=4186","title":{"rendered":"Manual web service de viajes intermunicipales"},"content":{"rendered":"\t\t<div data-elementor-type=\"wp-page\" data-elementor-id=\"4186\" class=\"elementor elementor-4186\" data-elementor-post-type=\"page\">\n\t\t\t\t\t\t<section class=\"elementor-section elementor-top-section elementor-element elementor-element-b0a2ba2 elementor-section-boxed elementor-section-height-default elementor-section-height-default\" data-id=\"b0a2ba2\" data-element_type=\"section\" data-e-type=\"section\">\n\t\t\t\t\t\t<div class=\"elementor-container elementor-column-gap-default\">\n\t\t\t\t\t<div class=\"elementor-column elementor-col-100 elementor-top-column elementor-element elementor-element-3f98d37\" data-id=\"3f98d37\" data-element_type=\"column\" data-e-type=\"column\">\n\t\t\t<div class=\"elementor-widget-wrap elementor-element-populated\">\n\t\t\t\t\t\t<div class=\"elementor-element elementor-element-f94cdb2 elementor-widget elementor-widget-heading\" data-id=\"f94cdb2\" data-element_type=\"widget\" data-e-type=\"widget\" data-widget_type=\"heading.default\">\n\t\t\t\t<div class=\"elementor-widget-container\">\n\t\t\t\t\t<h2 class=\"elementor-heading-title elementor-size-default\">Manual web service para la integraci\u00f3n de viajes intermunicipales<\/h2>\t\t\t\t<\/div>\n\t\t\t\t<\/div>\n\t\t\t\t\t<\/div>\n\t\t<\/div>\n\t\t\t\t\t<\/div>\n\t\t<\/section>\n\t\t\t\t<section class=\"elementor-section elementor-top-section elementor-element elementor-element-4c6734c elementor-section-boxed elementor-section-height-default elementor-section-height-default\" data-id=\"4c6734c\" data-element_type=\"section\" data-e-type=\"section\">\n\t\t\t\t\t\t<div class=\"elementor-container elementor-column-gap-default\">\n\t\t\t\t\t<div class=\"elementor-column elementor-col-100 elementor-top-column elementor-element elementor-element-94fde51\" data-id=\"94fde51\" data-element_type=\"column\" data-e-type=\"column\">\n\t\t\t<div class=\"elementor-widget-wrap elementor-element-populated\">\n\t\t\t\t\t\t<div class=\"elementor-element elementor-element-b7b94d1 elementor-widget elementor-widget-text-editor\" data-id=\"b7b94d1\" data-element_type=\"widget\" data-e-type=\"widget\" data-widget_type=\"text-editor.default\">\n\t\t\t\t<div class=\"elementor-widget-container\">\n\t\t\t\t\t\t\t\t\t<h4><strong>M\u00e9todo de Autenticaci\u00f3n<\/strong><\/h4>\n<p>Tener presente a que empresa se le est\u00e1 realizando la conexi\u00f3n y cambiar el nombre en la URL<\/p>\n<h5><b>Base URL<\/b><\/h5>\n<pre>https:\/\/tmland.tmsolutions.com.co\/tmland\/webservices\/wstiquetes\/auth?token={tokenempresa}==&amp;user=user&amp;password=pass<\/pre>\n<p><strong>Token<\/strong>: XXXXXX<br><strong>Usuario<\/strong>: Dado por el personal de la empresa.<br><strong>Password<\/strong>: Dado por el personal de la empresa.<\/p>\n<p><em>El token generado se debe enviar siempre en el header de la petici\u00f3n de cada m\u00e9todo, tener en cuenta que este token tiene una vigencia de 1 hora.<\/em><\/p>\n<h4>M\u00e9todo getViajes<\/h4>\n<h5>Base URL<\/h5>\n<pre>https:\/\/tmland.tmsolutions.com.co\/tmland\/webservices\/wstiquetes\/getViajes?fecha=2018-03 01%2021:00&amp;origin_id=5001000&amp;destination_id=5837000<\/pre>\n<p><strong>Par\u00e1metros<br><\/strong><strong style=\"color: var( --e-global-color-text ); font-size: 1rem;\">fecha<\/strong><span style=\"color: var( --e-global-color-text ); font-size: 1rem;\">: UTC +5<br><\/span><strong style=\"color: var( --e-global-color-text ); font-size: 1rem;\">formato<\/strong><span style=\"color: var( --e-global-color-text ); font-size: 1rem;\">: yyy-MM-dd HH:mm<br><\/span><strong style=\"color: var( --e-global-color-text ); font-size: 1rem;\">origin_id<\/strong><span style=\"color: var( --e-global-color-text ); font-size: 1rem;\">: Integer<br><\/span><strong style=\"color: var( --e-global-color-text ); font-size: 1rem;\">destination_id<\/strong><span style=\"color: var( --e-global-color-text ); font-size: 1rem;\">: Integer<\/span><\/p>\n<h4><strong>M\u00e9todo<\/strong> getCiudades<\/h4>\n<h5>Base URL<\/h5>\n<pre>https:\/\/tmland.tmsolutions.com.co\/tmland\/webservices\/wstiquetes\/getCiudades<\/pre>\n<p><strong>Par\u00e1metros<\/strong>: Sin par\u00e1metros solo el token en el header.<\/p>\n<h4><strong>M\u00e9todo<\/strong> getRutas<\/h4>\n<h5>Base URL<\/h5>\n<pre>https:\/\/tmland.tmsolutions.com.co\/tmland\/webservices\/wstiquetes\/getRutas<\/pre>\n<p><strong>Par\u00e1metros<\/strong>: Sin par\u00e1metros solo el token en el header.<\/p>\n<h4><strong>M\u00e9todo<\/strong>&nbsp;getTiposDeServicio<\/h4>\n<h5>Base URL<\/h5>\n<pre>https:\/\/tmland.tmsolutions.com.co\/tmland\/webservices\/wstiquetes\/getTiposDeServicio<\/pre>\n<p><strong>Par\u00e1metros: <\/strong>Sin par\u00e1metros solo el token en el header.<\/p>\n<h4><strong>M\u00e9todo getMapaBus<\/strong><\/h4>\n<h5>Base URL<\/h5>\n<pre>https:\/\/tmland.tmsolutions.com.co\/tmland\/webservices\/wstiquetes\/getMapaBus?travel_id=947-5001000-5837000<\/pre>\n<p><strong>Par\u00e1metros<br><\/strong><strong style=\"color: var( --e-global-color-text ); font-size: 1rem;\">travel_id<\/strong><span style=\"color: var( --e-global-color-text ); font-size: 1rem;\">: Id del viaje consultado con el Met\u00f3do getViajes<\/span><\/p>\n<h4>M\u00e9todo crearPasajero<\/h4>\n<h5>Base URL<\/h5>\n<pre>https:\/\/tmland.tmsolutions.com.co\/tmland\/webservices\/wstiquetes\/crearPasajero<\/pre>\n<p>Realizar un post con un json que tenga los siguientes atributos, debe enviar en la cabecera el token.<\/p>\t\t\t\t\t\t\t\t<\/div>\n\t\t\t\t<\/div>\n\t\t\t\t<div class=\"elementor-element elementor-element-8aef03a elementor-widget elementor-widget-code-highlight\" data-id=\"8aef03a\" data-element_type=\"widget\" data-e-type=\"widget\" data-widget_type=\"code-highlight.default\">\n\t\t\t\t<div class=\"elementor-widget-container\">\n\t\t\t\t\t\t\t<div class=\"prismjs-default copy-to-clipboard \">\n\t\t\t<pre data-line=\"\" class=\"highlight-height language-java line-numbers\">\n\t\t\t\t<code readonly=\"true\" class=\"language-java\">\n\t\t\t\t\t<xmp>String document_type;\nString document;\nString name;\nString last_name;\nString phone;\nString email;\nString address;<\/xmp>\n\t\t\t\t<\/code>\n\t\t\t<\/pre>\n\t\t<\/div>\n\t\t\t\t\t\t<\/div>\n\t\t\t\t<\/div>\n\t\t\t\t<div class=\"elementor-element elementor-element-e3c392b elementor-widget elementor-widget-text-editor\" data-id=\"e3c392b\" data-element_type=\"widget\" data-e-type=\"widget\" data-widget_type=\"text-editor.default\">\n\t\t\t\t<div class=\"elementor-widget-container\">\n\t\t\t\t\t\t\t\t\t<h4>Met\u00f3do verificarSilla<\/h4><h5>Base URL<\/h5><pre>https:\/\/tmland.tmsolutions.com.co\/tmland\/webservices\/wstiquetes\/verificarSilla?seat=84dd16d5-0290-4eab-8b13-9d5607282f2f&amp;id_sede=1<\/pre><p><strong>Par\u00e1metros<br \/><\/strong><strong style=\"color: var( --e-global-color-text ); font-size: 1rem;\">seat<\/strong><span style=\"color: var( --e-global-color-text ); font-size: 1rem;\">: Id de la silla consultada en el <\/span><strong style=\"color: var( --e-global-color-text ); font-size: 1rem;\">M\u00e9todo getMapaBus<\/strong><span style=\"color: var( --e-global-color-text ); font-size: 1rem;\">.<br \/><\/span><strong>id_sede<\/strong>: Id de la sede a la que se asocia las operaciones debe ser dada por la empresa.<\/p><h4>Met\u00f3do ReservarSilla<\/h4><h5>Base URL<\/h5><pre>http:\/\/tmland.tmsolutions.com.co\/tmland\/webservices\/wstiquetes\/reservarSilla?seat=84dd16d5-0290-4eab-8b13-9d5607282f2f&amp;id_sede=1&amp;documento=12347<\/pre><p><strong>Par\u00e1metros<\/strong><br \/><strong>seat<\/strong>: Id de la silla consultada en el <strong>M\u00e9todo getMapaBus<\/strong>.<br \/><strong>id_sede<\/strong>: Id de la sede a la que se asocia las operaciones debe ser dada por la empresa. <br \/><strong>documento<\/strong>: Documento del pasajero<\/p><h4>Met\u00f3do generarTiquete<\/h4><h5>Base URL<\/h5><pre>http:\/\/localhost:8080\/tmland- web\/webservices\/wstiquetes\/generarTiquete?seat=84dd16d5-0290-4eab-8b13- 9d5607282f2f&amp;id_sede=1&amp;documento=1234<\/pre><p><strong>Par\u00e1metros<\/strong><br \/><strong>seat<\/strong>: Id de la silla consultada en el <strong>M\u00e9todo getMapaBus<\/strong>.<br \/><strong>id_sede<\/strong>: Id de la sede a la que se asocia las operaciones debe ser dada por la empresa. <strong>documento<\/strong>: Documento del pasajero,<\/p>\t\t\t\t\t\t\t\t<\/div>\n\t\t\t\t<\/div>\n\t\t\t\t\t<\/div>\n\t\t<\/div>\n\t\t\t\t\t<\/div>\n\t\t<\/section>\n\t\t\t\t<section class=\"elementor-section elementor-top-section elementor-element elementor-element-da2a2ad elementor-section-boxed elementor-section-height-default elementor-section-height-default\" data-id=\"da2a2ad\" data-element_type=\"section\" data-e-type=\"section\">\n\t\t\t\t\t\t<div class=\"elementor-container elementor-column-gap-default\">\n\t\t\t\t\t<div class=\"elementor-column elementor-col-100 elementor-top-column elementor-element elementor-element-e679a59\" data-id=\"e679a59\" data-element_type=\"column\" data-e-type=\"column\">\n\t\t\t<div class=\"elementor-widget-wrap elementor-element-populated\">\n\t\t\t\t\t\t<div class=\"elementor-element elementor-element-26fc05a elementor-widget elementor-widget-text-editor\" data-id=\"26fc05a\" data-element_type=\"widget\" data-e-type=\"widget\" data-widget_type=\"text-editor.default\">\n\t\t\t\t<div class=\"elementor-widget-container\">\n\t\t\t\t\t\t\t\t\t<p>Se debe cambiar por la direcci\u00f3n correspondiente a cada cliente<br \/><b>cambiarempresa<\/b>\u00a0= empresacorrespondiente<br \/><b>tokenempresa<\/b> = tokenempresacorrespondiente<a href=\"https:\/\/cambiarempresa.tmsolutions.com.co\/tmland\/webservices\/wstiquetes\/auth?token=tokenempresa&amp;user=user&amp;password=pass\" target=\"_blank\" rel=\"noopener nofollow noreferrer\"><\/a><\/p><pre><a href=\"https:\/\/cambiarempresa.tmsolutions.com.co\/tmland\/webservices\/wstiquetes\/auth?token=tokenempresa&amp;user=user&amp;password=pass\" target=\"_blank\" rel=\"noopener nofollow noreferrer\">https:\/\/cambiarempresa.tmsolutions.com.co\/tmland\/webservices\/wstiquetes\/auth?token=tokenempresa&amp;user=user&amp;password=pass<\/a><\/pre><p><em>Escr\u00edbenos al correo <a href=\"mailto:soporte@tmsolutions.com.co\">soporte@tmsolutions.com.co<\/a> para gestionar el token de acceso.<\/em><\/p>\t\t\t\t\t\t\t\t<\/div>\n\t\t\t\t<\/div>\n\t\t\t\t\t<\/div>\n\t\t<\/div>\n\t\t\t\t\t<\/div>\n\t\t<\/section>\n\t\t\t\t<section class=\"elementor-section elementor-top-section elementor-element elementor-element-e945c25 elementor-section-boxed elementor-section-height-default elementor-section-height-default\" data-id=\"e945c25\" data-element_type=\"section\" data-e-type=\"section\">\n\t\t\t\t\t\t<div class=\"elementor-container elementor-column-gap-default\">\n\t\t\t\t\t<div class=\"elementor-column elementor-col-100 elementor-top-column elementor-element elementor-element-07704d1\" data-id=\"07704d1\" data-element_type=\"column\" data-e-type=\"column\">\n\t\t\t<div class=\"elementor-widget-wrap elementor-element-populated\">\n\t\t\t\t\t\t<div class=\"elementor-element elementor-element-dd0891f elementor-widget elementor-widget-text-editor\" data-id=\"dd0891f\" data-element_type=\"widget\" data-e-type=\"widget\" data-widget_type=\"text-editor.default\">\n\t\t\t\t<div class=\"elementor-widget-container\">\n\t\t\t\t\t\t\t\t\t<p><b>Retorno c\u00f3digo HTTP<\/b><\/p>\t\t\t\t\t\t\t\t<\/div>\n\t\t\t\t<\/div>\n\t\t\t\t\t<\/div>\n\t\t<\/div>\n\t\t\t\t\t<\/div>\n\t\t<\/section>\n\t\t\t\t<section class=\"elementor-section elementor-top-section elementor-element elementor-element-148f678 elementor-section-boxed elementor-section-height-default elementor-section-height-default\" data-id=\"148f678\" data-element_type=\"section\" data-e-type=\"section\">\n\t\t\t\t\t\t<div class=\"elementor-container elementor-column-gap-default\">\n\t\t\t\t\t<div class=\"elementor-column elementor-col-100 elementor-top-column elementor-element elementor-element-a646def\" data-id=\"a646def\" data-element_type=\"column\" data-e-type=\"column\">\n\t\t\t<div class=\"elementor-widget-wrap elementor-element-populated\">\n\t\t\t\t\t\t<div class=\"elementor-element elementor-element-5eb9b52 elementor-widget elementor-widget-code-highlight\" data-id=\"5eb9b52\" data-element_type=\"widget\" data-e-type=\"widget\" data-widget_type=\"code-highlight.default\">\n\t\t\t\t<div class=\"elementor-widget-container\">\n\t\t\t\t\t\t\t<div class=\"prismjs-default copy-to-clipboard \">\n\t\t\t<pre data-line=\"\" class=\"highlight-height language-java line-numbers\">\n\t\t\t\t<code readonly=\"true\" class=\"language-java\">\n\t\t\t\t\t<xmp>200 Se genera correctamente.\n409 Hay un conflicto.\n403 Problemas de autenticaci\u00f3n.<\/xmp>\n\t\t\t\t<\/code>\n\t\t\t<\/pre>\n\t\t<\/div>\n\t\t\t\t\t\t<\/div>\n\t\t\t\t<\/div>\n\t\t\t\t\t<\/div>\n\t\t<\/div>\n\t\t\t\t\t<\/div>\n\t\t<\/section>\n\t\t\t\t<section class=\"elementor-section elementor-top-section elementor-element elementor-element-5bd4ce1 elementor-section-boxed elementor-section-height-default elementor-section-height-default\" data-id=\"5bd4ce1\" data-element_type=\"section\" data-e-type=\"section\">\n\t\t\t\t\t\t<div class=\"elementor-container elementor-column-gap-default\">\n\t\t\t\t\t<div class=\"elementor-column elementor-col-100 elementor-top-column elementor-element elementor-element-e3f043d\" data-id=\"e3f043d\" data-element_type=\"column\" data-e-type=\"column\">\n\t\t\t<div class=\"elementor-widget-wrap elementor-element-populated\">\n\t\t\t\t\t\t<div class=\"elementor-element elementor-element-854f29f elementor-widget elementor-widget-text-editor\" data-id=\"854f29f\" data-element_type=\"widget\" data-e-type=\"widget\" data-widget_type=\"text-editor.default\">\n\t\t\t\t<div class=\"elementor-widget-container\">\n\t\t\t\t\t\t\t\t\t<p><span style=\"color: #2128bf;\"><b>Juan Pablo Garcia Echeverri<br \/><\/b><\/span><strong><span style=\"color: #f97203; font-size: 1rem;\">Gerente T\u00e9cnico<br \/><\/span><span style=\"color: var( --e-global-color-text ); font-size: 1rem;\">TM Solutions S.A.S.<\/span><\/strong><\/p>\t\t\t\t\t\t\t\t<\/div>\n\t\t\t\t<\/div>\n\t\t\t\t\t<\/div>\n\t\t<\/div>\n\t\t\t\t\t<\/div>\n\t\t<\/section>\n\t\t\t\t<\/div>\n\t\t","protected":false},"excerpt":{"rendered":"<p>Manual web service para la integraci\u00f3n de viajes intermunicipales M\u00e9todo de Autenticaci\u00f3n Tener presente a que empresa se le est\u00e1 realizando la conexi\u00f3n y cambiar el nombre en la URL Base URL https:\/\/tmland.tmsolutions.com.co\/tmland\/webservices\/wstiquetes\/auth?token={tokenempresa}==&amp;user=user&amp;password=pass Token: XXXXXXUsuario: Dado por el personal de la empresa.Password: Dado por el personal de la empresa. El token generado se debe enviar [&hellip;]<\/p>\n","protected":false},"author":3,"featured_media":0,"parent":0,"menu_order":0,"comment_status":"closed","ping_status":"closed","template":"","meta":{"footnotes":""},"class_list":["post-4186","page","type-page","status-publish","hentry"],"yoast_head":"<!-- This site is optimized with the Yoast SEO plugin v27.2 - https:\/\/yoast.com\/product\/yoast-seo-wordpress\/ -->\n<title>Manual web service de viajes intermunicipales - TM Solutions SAS<\/title>\n<meta name=\"robots\" content=\"index, follow, max-snippet:-1, max-image-preview:large, max-video-preview:-1\" \/>\n<link rel=\"canonical\" href=\"https:\/\/tmsolutions.com.co\/?page_id=4186\" \/>\n<meta property=\"og:locale\" content=\"es_ES\" \/>\n<meta property=\"og:type\" content=\"article\" \/>\n<meta property=\"og:title\" content=\"Manual web service de viajes intermunicipales - TM Solutions SAS\" \/>\n<meta property=\"og:description\" content=\"Manual web service para la integraci\u00f3n de viajes intermunicipales M\u00e9todo de Autenticaci\u00f3n Tener presente a que empresa se le est\u00e1 realizando la conexi\u00f3n y cambiar el nombre en la URL Base URL https:\/\/tmland.tmsolutions.com.co\/tmland\/webservices\/wstiquetes\/auth?token={tokenempresa}==&amp;user=user&amp;password=pass Token: XXXXXXUsuario: Dado por el personal de la empresa.Password: Dado por el personal de la empresa. El token generado se debe enviar [&hellip;]\" \/>\n<meta property=\"og:url\" content=\"https:\/\/tmsolutions.com.co\/?page_id=4186\" \/>\n<meta property=\"og:site_name\" content=\"TM Solutions SAS\" \/>\n<meta property=\"article:modified_time\" content=\"2024-12-20T16:35:45+00:00\" \/>\n<meta name=\"twitter:card\" content=\"summary_large_image\" \/>\n<meta name=\"twitter:label1\" content=\"Tiempo de lectura\" \/>\n\t<meta name=\"twitter:data1\" content=\"3 minutos\" \/>\n<script type=\"application\/ld+json\" class=\"yoast-schema-graph\">{\"@context\":\"https:\/\/schema.org\",\"@graph\":[{\"@type\":\"WebPage\",\"@id\":\"https:\/\/tmsolutions.com.co\/?page_id=4186\",\"url\":\"https:\/\/tmsolutions.com.co\/?page_id=4186\",\"name\":\"Manual web service de viajes intermunicipales - TM Solutions SAS\",\"isPartOf\":{\"@id\":\"https:\/\/tmsolutions.com.co\/#website\"},\"datePublished\":\"2024-04-08T17:21:12+00:00\",\"dateModified\":\"2024-12-20T16:35:45+00:00\",\"breadcrumb\":{\"@id\":\"https:\/\/tmsolutions.com.co\/?page_id=4186#breadcrumb\"},\"inLanguage\":\"es-CO\",\"potentialAction\":[{\"@type\":\"ReadAction\",\"target\":[\"https:\/\/tmsolutions.com.co\/?page_id=4186\"]}]},{\"@type\":\"BreadcrumbList\",\"@id\":\"https:\/\/tmsolutions.com.co\/?page_id=4186#breadcrumb\",\"itemListElement\":[{\"@type\":\"ListItem\",\"position\":1,\"name\":\"Inicio\",\"item\":\"https:\/\/tmsolutions.com.co\/\"},{\"@type\":\"ListItem\",\"position\":2,\"name\":\"Manual web service de viajes intermunicipales\"}]},{\"@type\":\"WebSite\",\"@id\":\"https:\/\/tmsolutions.com.co\/#website\",\"url\":\"https:\/\/tmsolutions.com.co\/\",\"name\":\"TM Solutions SAS\",\"description\":\"La mejor soluci\u00f3n para administraci\u00f3n de flotas de transporte\",\"publisher\":{\"@id\":\"https:\/\/tmsolutions.com.co\/#organization\"},\"potentialAction\":[{\"@type\":\"SearchAction\",\"target\":{\"@type\":\"EntryPoint\",\"urlTemplate\":\"https:\/\/tmsolutions.com.co\/?s={search_term_string}\"},\"query-input\":{\"@type\":\"PropertyValueSpecification\",\"valueRequired\":true,\"valueName\":\"search_term_string\"}}],\"inLanguage\":\"es-CO\"},{\"@type\":\"Organization\",\"@id\":\"https:\/\/tmsolutions.com.co\/#organization\",\"name\":\"TM Solutions SAS\",\"url\":\"https:\/\/tmsolutions.com.co\/\",\"logo\":{\"@type\":\"ImageObject\",\"inLanguage\":\"es-CO\",\"@id\":\"https:\/\/tmsolutions.com.co\/#\/schema\/logo\/image\/\",\"url\":\"https:\/\/tmsolutions.com.co\/wp-content\/uploads\/2022\/05\/Logo-TM-Acostado-Azul.png\",\"contentUrl\":\"https:\/\/tmsolutions.com.co\/wp-content\/uploads\/2022\/05\/Logo-TM-Acostado-Azul.png\",\"width\":320,\"height\":132,\"caption\":\"TM Solutions SAS\"},\"image\":{\"@id\":\"https:\/\/tmsolutions.com.co\/#\/schema\/logo\/image\/\"}}]}<\/script>\n<!-- \/ Yoast SEO plugin. -->","yoast_head_json":{"title":"Manual web service de viajes intermunicipales - TM Solutions SAS","robots":{"index":"index","follow":"follow","max-snippet":"max-snippet:-1","max-image-preview":"max-image-preview:large","max-video-preview":"max-video-preview:-1"},"canonical":"https:\/\/tmsolutions.com.co\/?page_id=4186","og_locale":"es_ES","og_type":"article","og_title":"Manual web service de viajes intermunicipales - TM Solutions SAS","og_description":"Manual web service para la integraci\u00f3n de viajes intermunicipales M\u00e9todo de Autenticaci\u00f3n Tener presente a que empresa se le est\u00e1 realizando la conexi\u00f3n y cambiar el nombre en la URL Base URL https:\/\/tmland.tmsolutions.com.co\/tmland\/webservices\/wstiquetes\/auth?token={tokenempresa}==&amp;user=user&amp;password=pass Token: XXXXXXUsuario: Dado por el personal de la empresa.Password: Dado por el personal de la empresa. El token generado se debe enviar [&hellip;]","og_url":"https:\/\/tmsolutions.com.co\/?page_id=4186","og_site_name":"TM Solutions SAS","article_modified_time":"2024-12-20T16:35:45+00:00","twitter_card":"summary_large_image","twitter_misc":{"Tiempo de lectura":"3 minutos"},"schema":{"@context":"https:\/\/schema.org","@graph":[{"@type":"WebPage","@id":"https:\/\/tmsolutions.com.co\/?page_id=4186","url":"https:\/\/tmsolutions.com.co\/?page_id=4186","name":"Manual web service de viajes intermunicipales - TM Solutions SAS","isPartOf":{"@id":"https:\/\/tmsolutions.com.co\/#website"},"datePublished":"2024-04-08T17:21:12+00:00","dateModified":"2024-12-20T16:35:45+00:00","breadcrumb":{"@id":"https:\/\/tmsolutions.com.co\/?page_id=4186#breadcrumb"},"inLanguage":"es-CO","potentialAction":[{"@type":"ReadAction","target":["https:\/\/tmsolutions.com.co\/?page_id=4186"]}]},{"@type":"BreadcrumbList","@id":"https:\/\/tmsolutions.com.co\/?page_id=4186#breadcrumb","itemListElement":[{"@type":"ListItem","position":1,"name":"Inicio","item":"https:\/\/tmsolutions.com.co\/"},{"@type":"ListItem","position":2,"name":"Manual web service de viajes intermunicipales"}]},{"@type":"WebSite","@id":"https:\/\/tmsolutions.com.co\/#website","url":"https:\/\/tmsolutions.com.co\/","name":"TM Solutions SAS","description":"La mejor soluci\u00f3n para administraci\u00f3n de flotas de transporte","publisher":{"@id":"https:\/\/tmsolutions.com.co\/#organization"},"potentialAction":[{"@type":"SearchAction","target":{"@type":"EntryPoint","urlTemplate":"https:\/\/tmsolutions.com.co\/?s={search_term_string}"},"query-input":{"@type":"PropertyValueSpecification","valueRequired":true,"valueName":"search_term_string"}}],"inLanguage":"es-CO"},{"@type":"Organization","@id":"https:\/\/tmsolutions.com.co\/#organization","name":"TM Solutions SAS","url":"https:\/\/tmsolutions.com.co\/","logo":{"@type":"ImageObject","inLanguage":"es-CO","@id":"https:\/\/tmsolutions.com.co\/#\/schema\/logo\/image\/","url":"https:\/\/tmsolutions.com.co\/wp-content\/uploads\/2022\/05\/Logo-TM-Acostado-Azul.png","contentUrl":"https:\/\/tmsolutions.com.co\/wp-content\/uploads\/2022\/05\/Logo-TM-Acostado-Azul.png","width":320,"height":132,"caption":"TM Solutions SAS"},"image":{"@id":"https:\/\/tmsolutions.com.co\/#\/schema\/logo\/image\/"}}]}},"_links":{"self":[{"href":"https:\/\/tmsolutions.com.co\/index.php?rest_route=\/wp\/v2\/pages\/4186","targetHints":{"allow":["GET"]}}],"collection":[{"href":"https:\/\/tmsolutions.com.co\/index.php?rest_route=\/wp\/v2\/pages"}],"about":[{"href":"https:\/\/tmsolutions.com.co\/index.php?rest_route=\/wp\/v2\/types\/page"}],"author":[{"embeddable":true,"href":"https:\/\/tmsolutions.com.co\/index.php?rest_route=\/wp\/v2\/users\/3"}],"replies":[{"embeddable":true,"href":"https:\/\/tmsolutions.com.co\/index.php?rest_route=%2Fwp%2Fv2%2Fcomments&post=4186"}],"version-history":[{"count":65,"href":"https:\/\/tmsolutions.com.co\/index.php?rest_route=\/wp\/v2\/pages\/4186\/revisions"}],"predecessor-version":[{"id":4478,"href":"https:\/\/tmsolutions.com.co\/index.php?rest_route=\/wp\/v2\/pages\/4186\/revisions\/4478"}],"wp:attachment":[{"href":"https:\/\/tmsolutions.com.co\/index.php?rest_route=%2Fwp%2Fv2%2Fmedia&parent=4186"}],"curies":[{"name":"wp","href":"https:\/\/api.w.org\/{rel}","templated":true}]}}