{"id":3094,"date":"2023-08-02T09:20:42","date_gmt":"2023-08-02T14:20:42","guid":{"rendered":"https:\/\/tmsolutions.com.co\/?page_id=3094"},"modified":"2023-08-17T18:02:57","modified_gmt":"2023-08-17T23:02:57","slug":"pagos","status":"publish","type":"page","link":"https:\/\/tmsolutions.com.co\/?page_id=3094","title":{"rendered":"Consulta autom\u00e1tica de antecedentes"},"content":{"rendered":"\t\t<div data-elementor-type=\"wp-page\" data-elementor-id=\"3094\" class=\"elementor elementor-3094\" data-elementor-post-type=\"page\">\n\t\t\t\t\t\t<section class=\"elementor-section elementor-top-section elementor-element elementor-element-df015bc elementor-section-boxed elementor-section-height-default elementor-section-height-default\" data-id=\"df015bc\" data-element_type=\"section\" data-e-type=\"section\">\n\t\t\t\t\t\t<div class=\"elementor-container elementor-column-gap-default\">\n\t\t\t\t\t<div class=\"elementor-column elementor-col-50 elementor-top-column elementor-element elementor-element-5c77add\" data-id=\"5c77add\" data-element_type=\"column\" data-e-type=\"column\">\n\t\t\t<div class=\"elementor-widget-wrap elementor-element-populated\">\n\t\t\t\t\t\t<div class=\"elementor-element elementor-element-0b49dd3 elementor-widget elementor-widget-image\" data-id=\"0b49dd3\" data-element_type=\"widget\" data-e-type=\"widget\" data-widget_type=\"image.default\">\n\t\t\t\t<div class=\"elementor-widget-container\">\n\t\t\t\t\t\t\t\t\t\t\t\t\t\t\t<img fetchpriority=\"high\" decoding=\"async\" width=\"512\" height=\"340\" src=\"https:\/\/tmsolutions.com.co\/wp-content\/uploads\/2023\/08\/Consulta-de-antecedentes.png\" class=\"attachment-large size-large wp-image-3499\" alt=\"Consulta de antecedentes\" srcset=\"https:\/\/tmsolutions.com.co\/wp-content\/uploads\/2023\/08\/Consulta-de-antecedentes.png 512w, https:\/\/tmsolutions.com.co\/wp-content\/uploads\/2023\/08\/Consulta-de-antecedentes-300x199.png 300w\" sizes=\"(max-width: 512px) 100vw, 512px\" \/>\t\t\t\t\t\t\t\t\t\t\t\t\t\t\t<\/div>\n\t\t\t\t<\/div>\n\t\t\t\t\t<\/div>\n\t\t<\/div>\n\t\t\t\t<div class=\"elementor-column elementor-col-50 elementor-top-column elementor-element elementor-element-de7bd40\" data-id=\"de7bd40\" data-element_type=\"column\" data-e-type=\"column\">\n\t\t\t<div class=\"elementor-widget-wrap elementor-element-populated\">\n\t\t\t\t\t\t<div class=\"elementor-element elementor-element-250793c elementor-widget elementor-widget-text-editor\" data-id=\"250793c\" data-element_type=\"widget\" data-e-type=\"widget\" data-widget_type=\"text-editor.default\">\n\t\t\t\t<div class=\"elementor-widget-container\">\n\t\t\t\t\t\t\t\t\t<p><span style=\"color: #2128bd;\">TM Land<\/span><span>\u00a0tiene un nuevo servicio de\u00a0<\/span><span><strong>consulta<\/strong> <strong>autom\u00e1tica <\/strong><\/span><span>de <\/span><strong>antecedentes <\/strong><span>y un con solo clic podr\u00e1s consultar en m\u00e1s de <\/span><span>40 centrales <\/span><span>de riesgo. Si antes te demorabas al rededor de 20 minutos por cada estudio de seguridad, ahora te tomar\u00e1 menos de <\/span><span><strong>1 minuto<\/strong>,<\/span><span>\u00a0podr\u00e1s acceder f\u00e1cilmente a informaci\u00f3n actualizada sobre antecedentes penales, judiciales, de tr\u00e1nsito y mucho m\u00e1s.<\/span><\/p>\t\t\t\t\t\t\t\t<\/div>\n\t\t\t\t<\/div>\n\t\t\t\t\t<\/div>\n\t\t<\/div>\n\t\t\t\t\t<\/div>\n\t\t<\/section>\n\t\t\t\t<section class=\"elementor-section elementor-top-section elementor-element elementor-element-0df723a elementor-section-boxed elementor-section-height-default elementor-section-height-default\" data-id=\"0df723a\" data-element_type=\"section\" data-e-type=\"section\">\n\t\t\t\t\t\t<div class=\"elementor-container elementor-column-gap-default\">\n\t\t\t\t\t<div class=\"elementor-column elementor-col-100 elementor-top-column elementor-element elementor-element-0cf9080\" data-id=\"0cf9080\" data-element_type=\"column\" data-e-type=\"column\">\n\t\t\t<div class=\"elementor-widget-wrap elementor-element-populated\">\n\t\t\t\t\t\t<div class=\"elementor-element elementor-element-1b37189 elementor-widget elementor-widget-heading\" data-id=\"1b37189\" data-element_type=\"widget\" data-e-type=\"widget\" data-widget_type=\"heading.default\">\n\t\t\t\t<div class=\"elementor-widget-container\">\n\t\t\t\t\t<h4 class=\"elementor-heading-title elementor-size-default\">\u00bfC\u00d3MO FUNCIONA?<\/h4>\t\t\t\t<\/div>\n\t\t\t\t<\/div>\n\t\t\t\t<div class=\"elementor-element elementor-element-9b6d9a1 elementor-widget elementor-widget-text-editor\" data-id=\"9b6d9a1\" data-element_type=\"widget\" data-e-type=\"widget\" data-widget_type=\"text-editor.default\">\n\t\t\t\t<div class=\"elementor-widget-container\">\n\t\t\t\t\t\t\t\t\t<p style=\"line-height: 19.6px;\"><span style=\"line-height: 22.4px; font-family: Roboto; font-size: 16px;\">Simplemente ingresa a nuestro sistema\u00a0<span style=\"line-height: 19.6px; color: #2128bd;\">TM Land<\/span>\u00a0la placa o la c\u00e9dula y nuestro sistema realizar\u00e1 la consulta inmediatamente y te mostrar\u00e1 los resultados detallados en tiempo real con un puntaje para facilitar el an\u00e1lisis de la informaci\u00f3n.<\/span><\/p><h5 style=\"line-height: 19.6px;\"><span style=\"line-height: 19.6px;\"><span style=\"line-height: 28px; color: #0080fc; font-size: 20px;\">Beneficios de utilizar nuestro nuevo servicio:<\/span>\u00a0<\/span>\u00a0 \u00a0<\/h5><ol><li><span style=\"line-height: 22.4px; font-size: 16px;\"><strong style=\"line-height: inherit;\">Acceso r\u00e1pido y seguro<\/strong>\u00a0a informaci\u00f3n relevante. \u00a0 \u00a0<\/span><\/li><li><span style=\"line-height: 22.4px; font-size: 16px;\">Posibilidad de <strong style=\"line-height: inherit;\">prevenir situaciones riesgosas\u00a0<\/strong>al conocer los antecedentes de una persona o empresa. \u00a0 \u00a0<\/span><\/li><li><span style=\"line-height: 22.4px; font-size: 16px;\">Facilita la <strong style=\"line-height: inherit;\">toma de decisiones informadas<\/strong>\u00a0en las \u00e1reas de contrataci\u00f3n de personal, vinculaci\u00f3n de terceros y registro de nuevos clientes. \u00a0 \u00a0<\/span><\/li><li><span style=\"line-height: 22.4px; font-size: 16px;\"><strong style=\"line-height: inherit;\">Ahorro<\/strong>\u00a0de tiempo y recursos. \u00a0<\/span><\/li><li><span style=\"line-height: 22.4px; font-size: 16px;\">Acceso al <strong style=\"line-height: inherit;\">Runt,<\/strong> crea y actualiza la informaci\u00f3n de los veh\u00edculos <strong style=\"line-height: inherit;\">autom\u00e1ticamente.<\/strong><\/span><\/li><li><span style=\"line-height: 22.4px; font-size: 16px;\"><span style=\"line-height: inherit;\">Acceso a las centrales de riesgos y <b>crea clientes, proveedores o usuarios<\/b> <b>autom\u00e1ticamente<\/b>.<\/span><\/span><\/li><\/ol><p style=\"line-height: 19.6px;\"><span style=\"line-height: 25.2px; font-size: 18px;\">Desde\u00a0<span style=\"line-height: 19.6px; color: #2128bd;\">TM Solutions<\/span>\u00a0estamos comprometidos en brindarte herramientas para que puedas tomar decisiones informadas y mantenerte seguro en todo momento.<\/span><\/p><h6 style=\"line-height: 19.6px; text-align: center;\"><span style=\"line-height: 28px; font-size: 20px; color: #2128bd;\">\u00a1No esperes m\u00e1s y comienza a utilizar nuestro servicio de consulta de antecedentes autom\u00e1tico!<\/span><\/h6>\t\t\t\t\t\t\t\t<\/div>\n\t\t\t\t<\/div>\n\t\t\t\t\t<\/div>\n\t\t<\/div>\n\t\t\t\t\t<\/div>\n\t\t<\/section>\n\t\t\t\t<section class=\"elementor-section elementor-top-section elementor-element elementor-element-cd85ac2 elementor-section-boxed elementor-section-height-default elementor-section-height-default\" data-id=\"cd85ac2\" data-element_type=\"section\" data-e-type=\"section\">\n\t\t\t\t\t\t<div class=\"elementor-container elementor-column-gap-default\">\n\t\t\t\t\t<div class=\"elementor-column elementor-col-100 elementor-top-column elementor-element elementor-element-a05d57e\" data-id=\"a05d57e\" data-element_type=\"column\" data-e-type=\"column\">\n\t\t\t<div class=\"elementor-widget-wrap elementor-element-populated\">\n\t\t\t\t\t\t<div class=\"elementor-element elementor-element-d9fb055 elementor-button-align-stretch elementor-widget elementor-widget-form\" data-id=\"d9fb055\" data-element_type=\"widget\" data-e-type=\"widget\" data-settings=\"{&quot;step_next_label&quot;:&quot;Next&quot;,&quot;step_previous_label&quot;:&quot;Previous&quot;,&quot;button_width&quot;:&quot;100&quot;,&quot;step_type&quot;:&quot;number_text&quot;,&quot;step_icon_shape&quot;:&quot;circle&quot;}\" data-widget_type=\"form.default\">\n\t\t\t\t<div class=\"elementor-widget-container\">\n\t\t\t\t\t\t\t<form class=\"elementor-form\" method=\"post\" name=\"New Form\" aria-label=\"New Form\">\n\t\t\t<input type=\"hidden\" name=\"post_id\" value=\"3094\"\/>\n\t\t\t<input type=\"hidden\" name=\"form_id\" value=\"d9fb055\"\/>\n\t\t\t<input type=\"hidden\" name=\"referer_title\" value=\"Consulta autom\u00e1tica de antecedentes - TM Solutions SAS\" \/>\n\n\t\t\t\t\t\t\t<input type=\"hidden\" name=\"queried_id\" value=\"3094\"\/>\n\t\t\t\n\t\t\t<div class=\"elementor-form-fields-wrapper elementor-labels-above\">\n\t\t\t\t\t\t\t\t<div class=\"elementor-field-type-text elementor-field-group elementor-column elementor-field-group-name elementor-col-100 elementor-field-required\">\n\t\t\t\t\t\t\t\t\t\t\t\t<label for=\"form-field-name\" class=\"elementor-field-label\">\n\t\t\t\t\t\t\t\tNombre\t\t\t\t\t\t\t<\/label>\n\t\t\t\t\t\t\t\t\t\t\t\t\t\t<input size=\"1\" type=\"text\" name=\"form_fields[name]\" id=\"form-field-name\" class=\"elementor-field elementor-size-sm  elementor-field-textual\" placeholder=\"Nombre\" required=\"required\">\n\t\t\t\t\t\t\t\t\t\t\t<\/div>\n\t\t\t\t\t\t\t\t<div class=\"elementor-field-type-tel elementor-field-group elementor-column elementor-field-group-field_b33c1c7 elementor-col-100 elementor-field-required\">\n\t\t\t\t\t\t\t\t\t\t\t\t<label for=\"form-field-field_b33c1c7\" class=\"elementor-field-label\">\n\t\t\t\t\t\t\t\tTel\u00e9fono\t\t\t\t\t\t\t<\/label>\n\t\t\t\t\t\t\t\t<input size=\"1\" type=\"tel\" name=\"form_fields[field_b33c1c7]\" id=\"form-field-field_b33c1c7\" class=\"elementor-field elementor-size-sm  elementor-field-textual\" placeholder=\"Tel\u00e9fono\" required=\"required\" pattern=\"[0-9()#&amp;+*-=.]+\" title=\"Only numbers and phone characters (#, -, *, etc) are accepted.\">\n\n\t\t\t\t\t\t<\/div>\n\t\t\t\t\t\t\t\t<div class=\"elementor-field-type-email elementor-field-group elementor-column elementor-field-group-email elementor-col-100 elementor-field-required\">\n\t\t\t\t\t\t\t\t\t\t\t\t<label for=\"form-field-email\" class=\"elementor-field-label\">\n\t\t\t\t\t\t\t\tEmail\t\t\t\t\t\t\t<\/label>\n\t\t\t\t\t\t\t\t\t\t\t\t\t\t<input size=\"1\" type=\"email\" name=\"form_fields[email]\" id=\"form-field-email\" class=\"elementor-field elementor-size-sm  elementor-field-textual\" placeholder=\"Email\" required=\"required\">\n\t\t\t\t\t\t\t\t\t\t\t<\/div>\n\t\t\t\t\t\t\t\t<div class=\"elementor-field-type-number elementor-field-group elementor-column elementor-field-group-message elementor-col-100 elementor-field-required\">\n\t\t\t\t\t\t\t\t\t\t\t\t<label for=\"form-field-message\" class=\"elementor-field-label\">\n\t\t\t\t\t\t\t\tCuantos consultas realizas en promedio al mes?\t\t\t\t\t\t\t<\/label>\n\t\t\t\t\t\t\t\t\t<input type=\"number\" name=\"form_fields[message]\" id=\"form-field-message\" class=\"elementor-field elementor-size-sm  elementor-field-textual\" placeholder=\"N\u00famero estimado de consultas en centrales al mes\" required=\"required\" min=\"\" max=\"\" >\n\t\t\t\t\t\t<\/div>\n\t\t\t\t\t\t\t\t<div class=\"elementor-field-type-recaptcha_v3 elementor-field-group elementor-column elementor-field-group-field_be9df96 elementor-col-100 recaptcha_v3-bottomleft\">\n\t\t\t\t\t<div class=\"elementor-field\" id=\"form-field-field_be9df96\"><div class=\"elementor-g-recaptcha\" data-sitekey=\"6LfzGHggAAAAAJLtOdDwoJd48x-c2ax_qjkhzKso\" data-type=\"v3\" data-action=\"Form\" data-badge=\"bottomleft\" data-size=\"invisible\"><\/div><\/div>\t\t\t\t<\/div>\n\t\t\t\t\t\t\t\t<div class=\"elementor-field-group elementor-column elementor-field-type-submit elementor-col-100 e-form__buttons\">\n\t\t\t\t\t<button class=\"elementor-button elementor-size-sm\" type=\"submit\">\n\t\t\t\t\t\t<span class=\"elementor-button-content-wrapper\">\n\t\t\t\t\t\t\t\t\t\t\t\t\t\t\t\t\t\t\t\t\t\t<span class=\"elementor-button-text\">Cotizar<\/span>\n\t\t\t\t\t\t\t\t\t\t\t\t\t<\/span>\n\t\t\t\t\t<\/button>\n\t\t\t\t<\/div>\n\t\t\t<\/div>\n\t\t<\/form>\n\t\t\t\t\t\t<\/div>\n\t\t\t\t<\/div>\n\t\t\t\t\t<\/div>\n\t\t<\/div>\n\t\t\t\t\t<\/div>\n\t\t<\/section>\n\t\t\t\t<\/div>\n\t\t","protected":false},"excerpt":{"rendered":"<p>TM Land\u00a0tiene un nuevo servicio de\u00a0consulta autom\u00e1tica de antecedentes y un con solo clic podr\u00e1s consultar en m\u00e1s de 40 centrales de riesgo. Si antes te demorabas al rededor de 20 minutos por cada estudio de seguridad, ahora te tomar\u00e1 menos de 1 minuto,\u00a0podr\u00e1s acceder f\u00e1cilmente a informaci\u00f3n actualizada sobre antecedentes penales, judiciales, de tr\u00e1nsito [&hellip;]<\/p>\n","protected":false},"author":4,"featured_media":0,"parent":0,"menu_order":0,"comment_status":"closed","ping_status":"closed","template":"","meta":{"footnotes":""},"class_list":["post-3094","page","type-page","status-publish","hentry"],"yoast_head":"<!-- This site is optimized with the Yoast SEO plugin v27.2 - https:\/\/yoast.com\/product\/yoast-seo-wordpress\/ -->\n<title>Consulta autom\u00e1tica de antecedentes - TM Solutions SAS<\/title>\n<meta name=\"robots\" content=\"index, follow, max-snippet:-1, max-image-preview:large, max-video-preview:-1\" \/>\n<link rel=\"canonical\" href=\"https:\/\/tmsolutions.com.co\/?page_id=3094\" \/>\n<meta property=\"og:locale\" content=\"es_ES\" \/>\n<meta property=\"og:type\" content=\"article\" \/>\n<meta property=\"og:title\" content=\"Consulta autom\u00e1tica de antecedentes - TM Solutions SAS\" \/>\n<meta property=\"og:description\" content=\"TM Land\u00a0tiene un nuevo servicio de\u00a0consulta autom\u00e1tica de antecedentes y un con solo clic podr\u00e1s consultar en m\u00e1s de 40 centrales de riesgo. Si antes te demorabas al rededor de 20 minutos por cada estudio de seguridad, ahora te tomar\u00e1 menos de 1 minuto,\u00a0podr\u00e1s acceder f\u00e1cilmente a informaci\u00f3n actualizada sobre antecedentes penales, judiciales, de tr\u00e1nsito [&hellip;]\" \/>\n<meta property=\"og:url\" content=\"https:\/\/tmsolutions.com.co\/?page_id=3094\" \/>\n<meta property=\"og:site_name\" content=\"TM Solutions SAS\" \/>\n<meta property=\"article:modified_time\" content=\"2023-08-17T23:02:57+00:00\" \/>\n<meta property=\"og:image\" content=\"https:\/\/tmsolutions.com.co\/wp-content\/uploads\/2023\/08\/Consulta-de-antecedentes.png\" \/>\n<meta name=\"twitter:card\" content=\"summary_large_image\" \/>\n<meta name=\"twitter:label1\" content=\"Tiempo de lectura\" \/>\n\t<meta name=\"twitter:data1\" content=\"1 minuto\" \/>\n<script type=\"application\/ld+json\" class=\"yoast-schema-graph\">{\"@context\":\"https:\/\/schema.org\",\"@graph\":[{\"@type\":\"WebPage\",\"@id\":\"https:\/\/tmsolutions.com.co\/?page_id=3094\",\"url\":\"https:\/\/tmsolutions.com.co\/?page_id=3094\",\"name\":\"Consulta autom\u00e1tica de antecedentes - TM Solutions SAS\",\"isPartOf\":{\"@id\":\"https:\/\/tmsolutions.com.co\/#website\"},\"primaryImageOfPage\":{\"@id\":\"https:\/\/tmsolutions.com.co\/?page_id=3094#primaryimage\"},\"image\":{\"@id\":\"https:\/\/tmsolutions.com.co\/?page_id=3094#primaryimage\"},\"thumbnailUrl\":\"https:\/\/tmsolutions.com.co\/wp-content\/uploads\/2023\/08\/Consulta-de-antecedentes.png\",\"datePublished\":\"2023-08-02T14:20:42+00:00\",\"dateModified\":\"2023-08-17T23:02:57+00:00\",\"breadcrumb\":{\"@id\":\"https:\/\/tmsolutions.com.co\/?page_id=3094#breadcrumb\"},\"inLanguage\":\"es-CO\",\"potentialAction\":[{\"@type\":\"ReadAction\",\"target\":[\"https:\/\/tmsolutions.com.co\/?page_id=3094\"]}]},{\"@type\":\"ImageObject\",\"inLanguage\":\"es-CO\",\"@id\":\"https:\/\/tmsolutions.com.co\/?page_id=3094#primaryimage\",\"url\":\"https:\/\/tmsolutions.com.co\/wp-content\/uploads\/2023\/08\/Consulta-de-antecedentes.png\",\"contentUrl\":\"https:\/\/tmsolutions.com.co\/wp-content\/uploads\/2023\/08\/Consulta-de-antecedentes.png\",\"width\":512,\"height\":340,\"caption\":\"Consulta de antecedentes\"},{\"@type\":\"BreadcrumbList\",\"@id\":\"https:\/\/tmsolutions.com.co\/?page_id=3094#breadcrumb\",\"itemListElement\":[{\"@type\":\"ListItem\",\"position\":1,\"name\":\"Inicio\",\"item\":\"https:\/\/tmsolutions.com.co\/\"},{\"@type\":\"ListItem\",\"position\":2,\"name\":\"Consulta autom\u00e1tica de antecedentes\"}]},{\"@type\":\"WebSite\",\"@id\":\"https:\/\/tmsolutions.com.co\/#website\",\"url\":\"https:\/\/tmsolutions.com.co\/\",\"name\":\"TM Solutions SAS\",\"description\":\"La mejor soluci\u00f3n para administraci\u00f3n de flotas de transporte\",\"publisher\":{\"@id\":\"https:\/\/tmsolutions.com.co\/#organization\"},\"potentialAction\":[{\"@type\":\"SearchAction\",\"target\":{\"@type\":\"EntryPoint\",\"urlTemplate\":\"https:\/\/tmsolutions.com.co\/?s={search_term_string}\"},\"query-input\":{\"@type\":\"PropertyValueSpecification\",\"valueRequired\":true,\"valueName\":\"search_term_string\"}}],\"inLanguage\":\"es-CO\"},{\"@type\":\"Organization\",\"@id\":\"https:\/\/tmsolutions.com.co\/#organization\",\"name\":\"TM Solutions SAS\",\"url\":\"https:\/\/tmsolutions.com.co\/\",\"logo\":{\"@type\":\"ImageObject\",\"inLanguage\":\"es-CO\",\"@id\":\"https:\/\/tmsolutions.com.co\/#\/schema\/logo\/image\/\",\"url\":\"https:\/\/tmsolutions.com.co\/wp-content\/uploads\/2022\/05\/Logo-TM-Acostado-Azul.png\",\"contentUrl\":\"https:\/\/tmsolutions.com.co\/wp-content\/uploads\/2022\/05\/Logo-TM-Acostado-Azul.png\",\"width\":320,\"height\":132,\"caption\":\"TM Solutions SAS\"},\"image\":{\"@id\":\"https:\/\/tmsolutions.com.co\/#\/schema\/logo\/image\/\"}}]}<\/script>\n<!-- \/ Yoast SEO plugin. -->","yoast_head_json":{"title":"Consulta autom\u00e1tica de antecedentes - TM Solutions SAS","robots":{"index":"index","follow":"follow","max-snippet":"max-snippet:-1","max-image-preview":"max-image-preview:large","max-video-preview":"max-video-preview:-1"},"canonical":"https:\/\/tmsolutions.com.co\/?page_id=3094","og_locale":"es_ES","og_type":"article","og_title":"Consulta autom\u00e1tica de antecedentes - TM Solutions SAS","og_description":"TM Land\u00a0tiene un nuevo servicio de\u00a0consulta autom\u00e1tica de antecedentes y un con solo clic podr\u00e1s consultar en m\u00e1s de 40 centrales de riesgo. Si antes te demorabas al rededor de 20 minutos por cada estudio de seguridad, ahora te tomar\u00e1 menos de 1 minuto,\u00a0podr\u00e1s acceder f\u00e1cilmente a informaci\u00f3n actualizada sobre antecedentes penales, judiciales, de tr\u00e1nsito [&hellip;]","og_url":"https:\/\/tmsolutions.com.co\/?page_id=3094","og_site_name":"TM Solutions SAS","article_modified_time":"2023-08-17T23:02:57+00:00","og_image":[{"url":"https:\/\/tmsolutions.com.co\/wp-content\/uploads\/2023\/08\/Consulta-de-antecedentes.png","type":"","width":"","height":""}],"twitter_card":"summary_large_image","twitter_misc":{"Tiempo de lectura":"1 minuto"},"schema":{"@context":"https:\/\/schema.org","@graph":[{"@type":"WebPage","@id":"https:\/\/tmsolutions.com.co\/?page_id=3094","url":"https:\/\/tmsolutions.com.co\/?page_id=3094","name":"Consulta autom\u00e1tica de antecedentes - TM Solutions SAS","isPartOf":{"@id":"https:\/\/tmsolutions.com.co\/#website"},"primaryImageOfPage":{"@id":"https:\/\/tmsolutions.com.co\/?page_id=3094#primaryimage"},"image":{"@id":"https:\/\/tmsolutions.com.co\/?page_id=3094#primaryimage"},"thumbnailUrl":"https:\/\/tmsolutions.com.co\/wp-content\/uploads\/2023\/08\/Consulta-de-antecedentes.png","datePublished":"2023-08-02T14:20:42+00:00","dateModified":"2023-08-17T23:02:57+00:00","breadcrumb":{"@id":"https:\/\/tmsolutions.com.co\/?page_id=3094#breadcrumb"},"inLanguage":"es-CO","potentialAction":[{"@type":"ReadAction","target":["https:\/\/tmsolutions.com.co\/?page_id=3094"]}]},{"@type":"ImageObject","inLanguage":"es-CO","@id":"https:\/\/tmsolutions.com.co\/?page_id=3094#primaryimage","url":"https:\/\/tmsolutions.com.co\/wp-content\/uploads\/2023\/08\/Consulta-de-antecedentes.png","contentUrl":"https:\/\/tmsolutions.com.co\/wp-content\/uploads\/2023\/08\/Consulta-de-antecedentes.png","width":512,"height":340,"caption":"Consulta de antecedentes"},{"@type":"BreadcrumbList","@id":"https:\/\/tmsolutions.com.co\/?page_id=3094#breadcrumb","itemListElement":[{"@type":"ListItem","position":1,"name":"Inicio","item":"https:\/\/tmsolutions.com.co\/"},{"@type":"ListItem","position":2,"name":"Consulta autom\u00e1tica de antecedentes"}]},{"@type":"WebSite","@id":"https:\/\/tmsolutions.com.co\/#website","url":"https:\/\/tmsolutions.com.co\/","name":"TM Solutions SAS","description":"La mejor soluci\u00f3n para administraci\u00f3n de flotas de transporte","publisher":{"@id":"https:\/\/tmsolutions.com.co\/#organization"},"potentialAction":[{"@type":"SearchAction","target":{"@type":"EntryPoint","urlTemplate":"https:\/\/tmsolutions.com.co\/?s={search_term_string}"},"query-input":{"@type":"PropertyValueSpecification","valueRequired":true,"valueName":"search_term_string"}}],"inLanguage":"es-CO"},{"@type":"Organization","@id":"https:\/\/tmsolutions.com.co\/#organization","name":"TM Solutions SAS","url":"https:\/\/tmsolutions.com.co\/","logo":{"@type":"ImageObject","inLanguage":"es-CO","@id":"https:\/\/tmsolutions.com.co\/#\/schema\/logo\/image\/","url":"https:\/\/tmsolutions.com.co\/wp-content\/uploads\/2022\/05\/Logo-TM-Acostado-Azul.png","contentUrl":"https:\/\/tmsolutions.com.co\/wp-content\/uploads\/2022\/05\/Logo-TM-Acostado-Azul.png","width":320,"height":132,"caption":"TM Solutions SAS"},"image":{"@id":"https:\/\/tmsolutions.com.co\/#\/schema\/logo\/image\/"}}]}},"_links":{"self":[{"href":"https:\/\/tmsolutions.com.co\/index.php?rest_route=\/wp\/v2\/pages\/3094","targetHints":{"allow":["GET"]}}],"collection":[{"href":"https:\/\/tmsolutions.com.co\/index.php?rest_route=\/wp\/v2\/pages"}],"about":[{"href":"https:\/\/tmsolutions.com.co\/index.php?rest_route=\/wp\/v2\/types\/page"}],"author":[{"embeddable":true,"href":"https:\/\/tmsolutions.com.co\/index.php?rest_route=\/wp\/v2\/users\/4"}],"replies":[{"embeddable":true,"href":"https:\/\/tmsolutions.com.co\/index.php?rest_route=%2Fwp%2Fv2%2Fcomments&post=3094"}],"version-history":[{"count":50,"href":"https:\/\/tmsolutions.com.co\/index.php?rest_route=\/wp\/v2\/pages\/3094\/revisions"}],"predecessor-version":[{"id":3537,"href":"https:\/\/tmsolutions.com.co\/index.php?rest_route=\/wp\/v2\/pages\/3094\/revisions\/3537"}],"wp:attachment":[{"href":"https:\/\/tmsolutions.com.co\/index.php?rest_route=%2Fwp%2Fv2%2Fmedia&parent=3094"}],"curies":[{"name":"wp","href":"https:\/\/api.w.org\/{rel}","templated":true}]}}