{"id":3,"date":"2022-05-17T22:04:45","date_gmt":"2022-05-18T03:04:45","guid":{"rendered":"https:\/\/tmsolutions.com.co:8000\/?page_id=3"},"modified":"2026-03-27T17:29:39","modified_gmt":"2026-03-27T22:29:39","slug":"politica-privacidad","status":"publish","type":"page","link":"https:\/\/tmsolutions.com.co\/?page_id=3","title":{"rendered":"Pol\u00edtica de privacidad y seguridad de la informaci\u00f3n"},"content":{"rendered":"\t\t<div data-elementor-type=\"wp-page\" data-elementor-id=\"3\" class=\"elementor elementor-3\" data-elementor-post-type=\"page\">\n\t\t\t\t\t\t<section class=\"elementor-section elementor-top-section elementor-element elementor-element-4da0e7d2 elementor-section-boxed elementor-section-height-default elementor-section-height-default\" data-id=\"4da0e7d2\" data-element_type=\"section\" data-e-type=\"section\">\n\t\t\t\t\t\t<div class=\"elementor-container elementor-column-gap-default\">\n\t\t\t\t\t<div class=\"elementor-column elementor-col-100 elementor-top-column elementor-element elementor-element-2ee7d5ef\" data-id=\"2ee7d5ef\" data-element_type=\"column\" data-e-type=\"column\">\n\t\t\t<div class=\"elementor-widget-wrap elementor-element-populated\">\n\t\t\t\t\t\t<div class=\"elementor-element elementor-element-68b30942 elementor-widget elementor-widget-text-editor\" data-id=\"68b30942\" data-element_type=\"widget\" data-e-type=\"widget\" data-widget_type=\"text-editor.default\">\n\t\t\t\t<div class=\"elementor-widget-container\">\n\t\t\t\t\t\t\t\t\t\n<h6 class=\"wp-block-heading\">Actualizaci\u00f3n 11 de Junio 2024<\/h6>\n<h2><strong>Pol\u00edtica de privacidad y seguridad de la informaci\u00f3n <\/strong><\/h2>\n<h3><br \/>Declaraci\u00f3n de privacidad<\/h3>\n\n<p>La presente pol\u00edtica hace parte integral de los t\u00e9rminos y condiciones de uso de todas las Apps desarrolladas por TM Solutions SAS, incluidas TM Tracker Client y TM Tracker. Los usos de las Apps est\u00e1n sujetas a sus t\u00e9rminos de uso, los derechos de autor y a esta pol\u00edtica de privacidad, e implica su consentimiento al respeto. Para hacer uso de nuestros servicios debe ser mayor de 18 a\u00f1os o contar con autorizaci\u00f3n de un adulto responsable. Puede hacer uso de la aplicaci\u00f3n sin suministrar ninguna informaci\u00f3n de car\u00e1cter personal. No obstante, en algunos casos se requiere que diligencie algunos datos personales como su nombre, direcci\u00f3n de correo electr\u00f3nico o informaci\u00f3n de facturaci\u00f3n, y en determinadas circunstancias, su ubicaci\u00f3n e informaci\u00f3n de ruta u otros datos que puede vincular razonablemente a dicha informaci\u00f3n, adem\u00e1s, se podr\u00eda solicitar informaci\u00f3n de la empresa para crear su cuenta e iniciar el proceso.\u00a0<\/p>\n\n<h3 class=\"wp-block-heading\">Recopilaci\u00f3n de informaci\u00f3n<\/h3>\n\n<p><span>Para recoger continuamente los datos de localizaci\u00f3n, el usuario puede activar en el permiso \u201cPermitir todo el tiempo\u201d, este permiso se usa para recoger la ubicaci\u00f3n con las apps en segundo plano, con el fin de hacer seguimiento a los viajes de entregas y solicitudes de recogida.<\/span><\/p>\n<p>Informaci\u00f3n personal: Informaci\u00f3n que lo identifica de manera personal y que permite a TM SOLUTIONS S.A.S contactarlo. Se podr\u00eda solicitar crear una cuenta para hacer uso de las aplicaciones. Se considera informaci\u00f3n personal; el nombre de la empresa, los nombres y apellidos del personal del contacto, al e-mail, la direcci\u00f3n y el n\u00famero telef\u00f3nico. TM Solutions SAS recopilar\u00e1 y utilizar\u00e1 su informaci\u00f3n incluidos metadatos, de acuerdo con esta pol\u00edtica de privacidad. Este es el caso si decide crear su cuenta de usuario.<\/p>\n<p>TM Tracker y TM Tracker Cliente, entre otras Apps, puede establecer y requerir de vez en cuando medios adicionales o diferentes de identificaci\u00f3n y autenticaci\u00f3n para iniciar sesi\u00f3n y acceder a los servicios o para acceder a ciertas funciones o secciones designadas de los servicios. Al hacer uso de las aplicaciones, se recopila las direcciones del Protocolo de Internet IP, Una direcci\u00f3n IP es un n\u00famero asignado autom\u00e1ticamente a un ordenador cuando \u00e9sta se conecta a Internet, para realizar seguimiento de la informaci\u00f3n, monitorear y controlar los consumidores de nubes. As\u00ed mismo, en ciertos casos y para fines estad\u00edsticos y de mercado se puede recopilar informaci\u00f3n del software de computaci\u00f3n en la nube del equipo desde el cual se accede al aplicativo, la cual incluye la frecuencia de acceso, las caracter\u00edsticas del sistema operativo, el explorador de internet utilizado, el dominio, entre otras.<\/p>\n<p>TM Solutions utiliza en sus Apps un sistema propio como servicio de registro y\/o autenticaci\u00f3n a trav\u00e9s de un c\u00f3digo. Al iniciar sesi\u00f3n deber\u00e1 proporcionar un Nombre de Consumidor de nube y su contrase\u00f1a.<\/p>\n\n<h3 class=\"wp-block-heading\">Visibilidad de su informaci\u00f3n personal<\/h3>\n<p>Su informaci\u00f3n personal solo ser\u00e1 visible para TM tracker client o TM Tracker, se vincular\u00e1 toda su informaci\u00f3n con su cuenta registrada de TM LAND. Esto incluye la informaci\u00f3n recibida de todos los dispositivos y navegadores que haya elegido para compartir su ubicaci\u00f3n.\u00a0<\/p>\n<h3>Control de los usuarios sobre sus datos<\/h3>\n<p>Esta declaraci\u00f3n de privacidad detalla la recopilaci\u00f3n de datos y su uso. Puede ajustar su configuraci\u00f3n de privacidad en la aplicaci\u00f3n y elegir qu\u00e9 informaci\u00f3n personal podemos recopilar sobre usted y c\u00f3mo se utiliza su informaci\u00f3n.<\/p>\n<h3>Uso de la informaci\u00f3n personal<\/h3>\n<p>TM Solutions SAS puede hacer uso de la informaci\u00f3n personal en los siguientes casos:<\/p>\n<ol>\n<li>Mantener contacto con el cliente con informaci\u00f3n pertinente al uso y funcionamiento del aplicativo, as\u00ed como para informar de nuevas actualizaciones, mejoras, y novedades.<\/li>\n<li>Verificar que el aplicativo cumple con sus requerimientos y necesidades.<\/li>\n<li>Confirmaci\u00f3n y respuestas a solicitudes o requerimientos realizadas por el cliente.<\/li>\n<li>Realizar informes estad\u00edsticos.<\/li>\n<li>Realizar seguimiento a los veh\u00edculos y empleados repartidores de carga, mientras est\u00e1n realizando los diferentes viajes, entrega y recogida de mercanc\u00eda.<\/li>\n<\/ol>\n<h3>Informaci\u00f3n que recopilamos cuando usted utiliza nuestros servicios<\/h3>\n<ol>\n<li>Informaci\u00f3n detallada de ubicaci\u00f3n, viaje y ruta. La informaci\u00f3n de ubicaci\u00f3n y ruta se recopila, por ejemplo, en forma de se\u00f1ales de GPS (combinadas con una marca de tiempo), y otros datos que env\u00eda tu dispositivo m\u00f3vil en el que se instala y activa la aplicaci\u00f3n.<\/li>\n<li>Se registra tiempos de rutas y\/o viajes<\/li>\n<li>Interacci\u00f3n de sus dispositivos con nuestros servicios, incluidos informes de fallos, actividad del sistema y la fecha, hora y URL de referencia de su solicitud<\/li>\n<\/ol>\n<h3>Cu\u00e1ndo se comparte su informaci\u00f3n<\/h3>\n<p><span><em>Bajo ninguna circunstancia se vender\u00e1 o entregar\u00e1 la informaci\u00f3n personal a ninguna otra persona o empresa, salvo a aquellas entidades estatales previstas por la Ley Colombiana.<\/em><\/span><\/p>\n<p><span><em>Se compartir\u00e1 su informaci\u00f3n cuando:<\/em><\/span><\/p>\n<ol>\n<li><span><em> <\/em><\/span><span>Sea necesaria para la facilitaci\u00f3n y operaci\u00f3n de los servicios<\/span><\/li>\n<li><span><em> <\/em><\/span><span>Investigaci\u00f3n de un posible incumplimiento de los t\u00e9rminos y condiciones de uso<\/span><\/li>\n<li><span><em> <\/em><\/span><span>En cualquier caso, de disputa legal entre las partes<\/span><\/li>\n<li><span><em> <\/em><\/span><span>Detectar, evitar o tratar de cualquier otra forma problemas t\u00e9cnicos, de seguridad o de fraude<\/span><\/li>\n<li><em> <\/em><span>Recopilar, almacenar, conservar y gestionar su informaci\u00f3n personal a trav\u00e9s de servicios basados en la nube o de alojamiento de un tercero<\/span><\/li>\n<\/ol>\n<h3>Medios<\/h3>\n<h2><\/h2>\n<p>Si subes im\u00e1genes al sitio web, debes evitar cargar im\u00e1genes con datos de ubicaci\u00f3n incrustados (EXIF GPS). Los visitantes del sitio web pueden descargar y extraer los datos de la ubicaci\u00f3n de las im\u00e1genes en el sitio Web.<\/p>\n<h2><\/h2>\n<h3 class=\"wp-block-heading\">Contenido incrustado de otros sitios web<\/h3>\n<h2><\/h2>\n<p>Los art\u00edculos de este sitio pueden incluir contenido incrustado (por ejemplo, v\u00eddeos, im\u00e1genes, art\u00edculos, etc.). El contenido incrustado de otras webs se comporta exactamente de la misma manera que si el visitante hubiera visitado la otra web.<\/p>\n<h2><\/h2>\n<p>Estas web pueden recopilar datos sobre ti, utilizar cookies, incrustar un seguimiento adicional de terceros, y supervisar tu interacci\u00f3n con ese contenido incrustado, incluido el seguimiento de tu interacci\u00f3n con el contenido incrustado si tienes una cuenta y est\u00e1s conectado a esa web.<\/p>\n<h3>Uso de datos de los clientes<\/h3>\n<p><\/p>\n<p>Datos de los clientes: Toda la informaci\u00f3n y datos\u00a0 ingresados o almacenados en las aplicaciones desarrolladas por TM Solutions, para\u00a0 la puesta en marcha y funcionamiento del mismo.<\/p>\n<p><\/p>\n<p>TM SOLUTIONS S.A.S no revisar\u00e1, compartir\u00e1, distribuir\u00e1 o dar\u00e1 como referencia ning\u00fan Dato del Cliente a terceros, salvo que se acuerde y apruebe por ambas partes, o por disposici\u00f3n legal.<\/p>\n<p><\/p>\n<p>TM SOLUTIONS S.A.S solo acceder\u00e1 o consultar\u00e1 los registros individuales de los Datos de Clientes para solucionar inconvenientes t\u00e9cnicos, ofrecer soporte, realizar mejoras a la aplicaci\u00f3n, si se presenta\u00a0 incumplimiento del contrato,\u00a0 o por disposici\u00f3n legal.\u00a0<\/p>\n<p><\/p>\n<p>El cliente es el responsable de la seguridad, uso y\u00a0 confidencialidad del nombre de usuario y contrase\u00f1a para ingresar a las diferentes aplicaciones desarrolladas por TM Solutions.<\/p>\n<p><\/p>\n<h3 class=\"wp-block-heading\">Con qui\u00e9n compartimos tus datos<\/h3>\n<p><\/p>\n<p>Si solicitas un restablecimiento de contrase\u00f1a, tu direcci\u00f3n IP ser\u00e1 incluida en el correo electr\u00f3nico de restablecimiento.<\/p>\n<p><\/p>\n<h3 class=\"wp-block-heading\">Cu\u00e1nto tiempo conservamos tus datos<\/h3>\n<p><\/p>\n<p>Si dejas un comentario, el comentario y sus metadatos se conservan indefinidamente. Esto es para que podamos reconocer y aprobar autom\u00e1ticamente cualquier comentario de seguimiento en lugar de mantenerlos en una cola de moderaci\u00f3n.<\/p>\n<p><\/p>\n<p>Para los usuarios que se registren en nuestro sitio web (si los hay), se almacenar\u00e1n todos sus datos de informaci\u00f3n personal que proporcionen. Cualquier usuario puede ver, editar o eliminar su informaci\u00f3n personal cuando lo desee (a excepci\u00f3n del nombre de usuario que no se puede editar). Los administradores de sitios web, tambi\u00e9n pueden ver y editar dicha informaci\u00f3n.<\/p>\n<p><\/p>\n<h3 class=\"wp-block-heading\">Qu\u00e9 derechos tienes sobre tus datos<\/h3>\n<p><\/p>\n<p>Si tienes una cuenta en este sitio, o ha dejado comentarios, puedes solicitar la exportaci\u00f3n de un archivo con tus datos personales recopilados, incluyendo cualquier otro dato que nos haya proporcionado. Tambi\u00e9n puede solicitar la eliminaci\u00f3n de cualquier dato personal que guardemos sobre ti. Esto no incluye los datos que estamos obligados a consevar para fines administrativos, legales o de seguridad.<\/p>\n<p><\/p>\n<h3 class=\"wp-block-heading\">D\u00f3nde enviamos tus datos<\/h3>\n<p><\/p>\n<p>Puede que los comentarios de los visitantes sean validados por un servicio autom\u00e1tico de detecci\u00f3n de spam.<\/p>\n<h3>Uso de Cookies<\/h3>\n<p>Al utilizar sus Apps y el software de computaci\u00f3n en la nube TM Land o visitar la p\u00e1gina web (www.tmsolutions.com.co), autom\u00e1ticamente los servidores env\u00edan una \u00abcookie\u00bb a su equipo de c\u00f3mputo.\u00a0 Las cookies son ficheros enviados al navegador por medio de un servidor web con la finalidad de registrar las actividades del consumidor de nube durante su tiempo de navegaci\u00f3n.\u00a0 Las cookies utilizadas por el sitio web se asocian \u00fanicamente con un consumidor de nube an\u00f3nimo y su equipo de c\u00f3mputo, y no proporcionan por s\u00ed mismas los datos personales del consumidor de nube, es decir que en ning\u00fan momento se almacena en las cookies informaci\u00f3n sensible.<\/p>\n<p>Mediante el uso de las cookies resulta posible que el servidor donde se encuentra la web, reconozca el navegador web utilizado por el consumidor de nube con la finalidad de que la navegaci\u00f3n sea m\u00e1s sencilla, permitiendo, por ejemplo, el acceso a los consumidores de nube que se hayan registrado previamente, acceder a las \u00e1reas, servicios, promociones o concursos reservados exclusivamente a ellos sin tener que registrarse en cada visita. Se utilizan tambi\u00e9n para medir la audiencia y par\u00e1metros del tr\u00e1fico, controlar el progreso y n\u00famero de entradas.<\/p>\n<p>El consumidor de nube tiene la posibilidad de configurar su navegador para ser avisado de la recepci\u00f3n de cookies y para impedir su instalaci\u00f3n en su equipo. Por favor, consulte las instrucciones y manuales de su navegador para ampliar esta informaci\u00f3n.<\/p>\n<p>Para utilizar el sitio web, no resulta necesario que el consumidor de nube permita la instalaci\u00f3n de las cookies enviadas por el sitio web, o el tercero que act\u00fae en su nombre, sin perjuicio de que sea necesario que el consumidor de nube inicie una sesi\u00f3n como tal en cada uno de los servicios cuya prestaci\u00f3n requiera el previo registro o \u201clogin\u201d.<\/p>\n<h3>Seguridad de la Informaci\u00f3n<\/h3>\n<p>TM Solutions SAS utiliza t\u00e9cnicas de seguridad de la informaci\u00f3n generalmente aceptadas en la industria, tales como firewalls, procedimientos de control de acceso y mecanismos criptogr\u00e1ficos, todo ello con el objeto de evitar el acceso no autorizado a los datos. Para lograr estos fines, el cliente acepta que el prestador obtenga datos para efectos de la correspondiente autenticaci\u00f3n de los controles de acceso.<\/p>\n<p>Sus datos de inicio de sesi\u00f3n son responsabilidad suya, usted es plenamente responsable de cualquier uso o uso indebido de su cuenta y de sus datos personales como resultado de trasmitir sus datos de inicio de sesi\u00f3n a otra persona. Debe mantener sus datos de inicio de sesi\u00f3n en absoluta confidencialidad. Aseg\u00farese de cambiarla con frecuencia y al menos una vez cada seis meses.<\/p>\n<p>Los servidores generan una copia por lo menos cada 8 d\u00edas de seguridad de los datos.<\/p>\n<p>La base de datos y la aplicaci\u00f3n est\u00e1n alojadas en servidores seguros de \u00faltima tecnolog\u00eda y bajo todas las condiciones de seguridad tanto f\u00edsica (infraestructura) como virtuales (corta fuegos). El acceso a estos servidores solo est\u00e1 permitido a una sola persona que es el administrador de infraestructura del servicio del software computaci\u00f3n en la nube TM Land.<\/p>\n<h3>Cambios en esta declaraci\u00f3n<\/h3>\n<p>Se puede actualizar la presente declaraci\u00f3n de privacidad sin previo aviso y de manera ocasional. En tal caso se cambiar\u00e1 la fecha de &#8220;\u00faltima actualizaci\u00f3n&#8221;. Si se producen cambios importantes en esta declaraci\u00f3n, se le comunicar\u00e1 al usuario.<\/p>\n<h3>Contacto<\/h3>\n<p>Cualquier consulta relativa a la presente Declaraci\u00f3n de Privacidad o a las pr\u00e1cticas de manejo de la informaci\u00f3n por TM Solutions SAS + debe dirigir directamente a <a href=\"mailto:juridica@tmsolutions.com.co\"><span>juridica@tmsolutions.com.co<\/span><\/a><\/p>\n\n<h6 class=\"wp-block-heading\" style=\"text-align: right;\">Actualizaci\u00f3n 11 de Junio 2024<\/h6>\n\t\t\t\t\t\t\t\t<\/div>\n\t\t\t\t<\/div>\n\t\t\t\t\t<\/div>\n\t\t<\/div>\n\t\t\t\t\t<\/div>\n\t\t<\/section>\n\t\t\t\t<\/div>\n\t\t","protected":false},"excerpt":{"rendered":"<p>Actualizaci\u00f3n 11 de Junio 2024 Pol\u00edtica de privacidad y seguridad de la informaci\u00f3n Declaraci\u00f3n de privacidad La presente pol\u00edtica hace parte integral de los t\u00e9rminos y condiciones de uso de todas las Apps desarrolladas por TM Solutions SAS, incluidas TM Tracker Client y TM Tracker. Los usos de las Apps est\u00e1n sujetas a sus t\u00e9rminos [&hellip;]<\/p>\n","protected":false},"author":1,"featured_media":0,"parent":0,"menu_order":0,"comment_status":"closed","ping_status":"open","template":"","meta":{"footnotes":""},"class_list":["post-3","page","type-page","status-publish","hentry"],"yoast_head":"<!-- This site is optimized with the Yoast SEO plugin v27.4 - https:\/\/yoast.com\/product\/yoast-seo-wordpress\/ -->\n<title>Pol\u00edtica de privacidad y seguridad de la informaci\u00f3n - TM Solutions SAS<\/title>\n<meta name=\"robots\" content=\"index, follow, max-snippet:-1, max-image-preview:large, max-video-preview:-1\" \/>\n<link rel=\"canonical\" href=\"https:\/\/tmsolutions.com.co\/?page_id=3\" \/>\n<meta property=\"og:locale\" content=\"es_ES\" \/>\n<meta property=\"og:type\" content=\"article\" \/>\n<meta property=\"og:title\" content=\"Pol\u00edtica de privacidad y seguridad de la informaci\u00f3n - TM Solutions SAS\" \/>\n<meta property=\"og:description\" content=\"Actualizaci\u00f3n 11 de Junio 2024 Pol\u00edtica de privacidad y seguridad de la informaci\u00f3n Declaraci\u00f3n de privacidad La presente pol\u00edtica hace parte integral de los t\u00e9rminos y condiciones de uso de todas las Apps desarrolladas por TM Solutions SAS, incluidas TM Tracker Client y TM Tracker. Los usos de las Apps est\u00e1n sujetas a sus t\u00e9rminos [&hellip;]\" \/>\n<meta property=\"og:url\" content=\"https:\/\/tmsolutions.com.co\/?page_id=3\" \/>\n<meta property=\"og:site_name\" content=\"TM Solutions SAS\" \/>\n<meta property=\"article:modified_time\" content=\"2026-03-27T22:29:39+00:00\" \/>\n<meta name=\"twitter:card\" content=\"summary_large_image\" \/>\n<meta name=\"twitter:label1\" content=\"Tiempo de lectura\" \/>\n\t<meta name=\"twitter:data1\" content=\"9 minutos\" \/>\n<script type=\"application\/ld+json\" class=\"yoast-schema-graph\">{\"@context\":\"https:\\\/\\\/schema.org\",\"@graph\":[{\"@type\":\"WebPage\",\"@id\":\"https:\\\/\\\/tmsolutions.com.co\\\/?page_id=3\",\"url\":\"https:\\\/\\\/tmsolutions.com.co\\\/?page_id=3\",\"name\":\"Pol\u00edtica de privacidad y seguridad de la informaci\u00f3n - TM Solutions SAS\",\"isPartOf\":{\"@id\":\"https:\\\/\\\/tmsolutions.com.co\\\/#website\"},\"datePublished\":\"2022-05-18T03:04:45+00:00\",\"dateModified\":\"2026-03-27T22:29:39+00:00\",\"breadcrumb\":{\"@id\":\"https:\\\/\\\/tmsolutions.com.co\\\/?page_id=3#breadcrumb\"},\"inLanguage\":\"es-CO\",\"potentialAction\":[{\"@type\":\"ReadAction\",\"target\":[\"https:\\\/\\\/tmsolutions.com.co\\\/?page_id=3\"]}]},{\"@type\":\"BreadcrumbList\",\"@id\":\"https:\\\/\\\/tmsolutions.com.co\\\/?page_id=3#breadcrumb\",\"itemListElement\":[{\"@type\":\"ListItem\",\"position\":1,\"name\":\"Inicio\",\"item\":\"https:\\\/\\\/tmsolutions.com.co\\\/\"},{\"@type\":\"ListItem\",\"position\":2,\"name\":\"Pol\u00edtica de privacidad y seguridad de la informaci\u00f3n\"}]},{\"@type\":\"WebSite\",\"@id\":\"https:\\\/\\\/tmsolutions.com.co\\\/#website\",\"url\":\"https:\\\/\\\/tmsolutions.com.co\\\/\",\"name\":\"TM Solutions SAS\",\"description\":\"La mejor soluci\u00f3n para administraci\u00f3n de flotas de transporte\",\"publisher\":{\"@id\":\"https:\\\/\\\/tmsolutions.com.co\\\/#organization\"},\"potentialAction\":[{\"@type\":\"SearchAction\",\"target\":{\"@type\":\"EntryPoint\",\"urlTemplate\":\"https:\\\/\\\/tmsolutions.com.co\\\/?s={search_term_string}\"},\"query-input\":{\"@type\":\"PropertyValueSpecification\",\"valueRequired\":true,\"valueName\":\"search_term_string\"}}],\"inLanguage\":\"es-CO\"},{\"@type\":\"Organization\",\"@id\":\"https:\\\/\\\/tmsolutions.com.co\\\/#organization\",\"name\":\"TM Solutions SAS\",\"url\":\"https:\\\/\\\/tmsolutions.com.co\\\/\",\"logo\":{\"@type\":\"ImageObject\",\"inLanguage\":\"es-CO\",\"@id\":\"https:\\\/\\\/tmsolutions.com.co\\\/#\\\/schema\\\/logo\\\/image\\\/\",\"url\":\"https:\\\/\\\/tmsolutions.com.co\\\/wp-content\\\/uploads\\\/2022\\\/05\\\/Logo-TM-Acostado-Azul.png\",\"contentUrl\":\"https:\\\/\\\/tmsolutions.com.co\\\/wp-content\\\/uploads\\\/2022\\\/05\\\/Logo-TM-Acostado-Azul.png\",\"width\":320,\"height\":132,\"caption\":\"TM Solutions SAS\"},\"image\":{\"@id\":\"https:\\\/\\\/tmsolutions.com.co\\\/#\\\/schema\\\/logo\\\/image\\\/\"}}]}<\/script>\n<!-- \/ Yoast SEO plugin. -->","yoast_head_json":{"title":"Pol\u00edtica de privacidad y seguridad de la informaci\u00f3n - TM Solutions SAS","robots":{"index":"index","follow":"follow","max-snippet":"max-snippet:-1","max-image-preview":"max-image-preview:large","max-video-preview":"max-video-preview:-1"},"canonical":"https:\/\/tmsolutions.com.co\/?page_id=3","og_locale":"es_ES","og_type":"article","og_title":"Pol\u00edtica de privacidad y seguridad de la informaci\u00f3n - TM Solutions SAS","og_description":"Actualizaci\u00f3n 11 de Junio 2024 Pol\u00edtica de privacidad y seguridad de la informaci\u00f3n Declaraci\u00f3n de privacidad La presente pol\u00edtica hace parte integral de los t\u00e9rminos y condiciones de uso de todas las Apps desarrolladas por TM Solutions SAS, incluidas TM Tracker Client y TM Tracker. Los usos de las Apps est\u00e1n sujetas a sus t\u00e9rminos [&hellip;]","og_url":"https:\/\/tmsolutions.com.co\/?page_id=3","og_site_name":"TM Solutions SAS","article_modified_time":"2026-03-27T22:29:39+00:00","twitter_card":"summary_large_image","twitter_misc":{"Tiempo de lectura":"9 minutos"},"schema":{"@context":"https:\/\/schema.org","@graph":[{"@type":"WebPage","@id":"https:\/\/tmsolutions.com.co\/?page_id=3","url":"https:\/\/tmsolutions.com.co\/?page_id=3","name":"Pol\u00edtica de privacidad y seguridad de la informaci\u00f3n - TM Solutions SAS","isPartOf":{"@id":"https:\/\/tmsolutions.com.co\/#website"},"datePublished":"2022-05-18T03:04:45+00:00","dateModified":"2026-03-27T22:29:39+00:00","breadcrumb":{"@id":"https:\/\/tmsolutions.com.co\/?page_id=3#breadcrumb"},"inLanguage":"es-CO","potentialAction":[{"@type":"ReadAction","target":["https:\/\/tmsolutions.com.co\/?page_id=3"]}]},{"@type":"BreadcrumbList","@id":"https:\/\/tmsolutions.com.co\/?page_id=3#breadcrumb","itemListElement":[{"@type":"ListItem","position":1,"name":"Inicio","item":"https:\/\/tmsolutions.com.co\/"},{"@type":"ListItem","position":2,"name":"Pol\u00edtica de privacidad y seguridad de la informaci\u00f3n"}]},{"@type":"WebSite","@id":"https:\/\/tmsolutions.com.co\/#website","url":"https:\/\/tmsolutions.com.co\/","name":"TM Solutions SAS","description":"La mejor soluci\u00f3n para administraci\u00f3n de flotas de transporte","publisher":{"@id":"https:\/\/tmsolutions.com.co\/#organization"},"potentialAction":[{"@type":"SearchAction","target":{"@type":"EntryPoint","urlTemplate":"https:\/\/tmsolutions.com.co\/?s={search_term_string}"},"query-input":{"@type":"PropertyValueSpecification","valueRequired":true,"valueName":"search_term_string"}}],"inLanguage":"es-CO"},{"@type":"Organization","@id":"https:\/\/tmsolutions.com.co\/#organization","name":"TM Solutions SAS","url":"https:\/\/tmsolutions.com.co\/","logo":{"@type":"ImageObject","inLanguage":"es-CO","@id":"https:\/\/tmsolutions.com.co\/#\/schema\/logo\/image\/","url":"https:\/\/tmsolutions.com.co\/wp-content\/uploads\/2022\/05\/Logo-TM-Acostado-Azul.png","contentUrl":"https:\/\/tmsolutions.com.co\/wp-content\/uploads\/2022\/05\/Logo-TM-Acostado-Azul.png","width":320,"height":132,"caption":"TM Solutions SAS"},"image":{"@id":"https:\/\/tmsolutions.com.co\/#\/schema\/logo\/image\/"}}]}},"_links":{"self":[{"href":"https:\/\/tmsolutions.com.co\/index.php?rest_route=\/wp\/v2\/pages\/3","targetHints":{"allow":["GET"]}}],"collection":[{"href":"https:\/\/tmsolutions.com.co\/index.php?rest_route=\/wp\/v2\/pages"}],"about":[{"href":"https:\/\/tmsolutions.com.co\/index.php?rest_route=\/wp\/v2\/types\/page"}],"author":[{"embeddable":true,"href":"https:\/\/tmsolutions.com.co\/index.php?rest_route=\/wp\/v2\/users\/1"}],"replies":[{"embeddable":true,"href":"https:\/\/tmsolutions.com.co\/index.php?rest_route=%2Fwp%2Fv2%2Fcomments&post=3"}],"version-history":[{"count":22,"href":"https:\/\/tmsolutions.com.co\/index.php?rest_route=\/wp\/v2\/pages\/3\/revisions"}],"predecessor-version":[{"id":5381,"href":"https:\/\/tmsolutions.com.co\/index.php?rest_route=\/wp\/v2\/pages\/3\/revisions\/5381"}],"wp:attachment":[{"href":"https:\/\/tmsolutions.com.co\/index.php?rest_route=%2Fwp%2Fv2%2Fmedia&parent=3"}],"curies":[{"name":"wp","href":"https:\/\/api.w.org\/{rel}","templated":true}]}}